{"id":1144,"date":"2018-07-12T12:45:20","date_gmt":"2018-07-12T17:45:20","guid":{"rendered":"http:\/\/www.itechsas.com\/blog\/?page_id=1144"},"modified":"2020-08-10T13:52:35","modified_gmt":"2020-08-10T18:52:35","slug":"registro-al-boletin","status":"publish","type":"page","link":"https:\/\/www.itechsas.com\/blog\/registro-al-boletin\/","title":{"rendered":"Registro al bolet\u00edn de noticias y eventos"},"content":{"rendered":"<p>Reg\u00edstrate a nuestro sistema de comunicaciones para estar enterado de las <strong>ultimas noticias en seguridad de TI, Ciberseguridad, protecci\u00f3n de datos<\/strong> y no perderse de los eventos, charlas, seminarios y cursos online de tu inter\u00e9s.<\/p>\n<p><a href=\"https:\/\/emailmarketing.secureserver.net\/signups\/317083\/join\" target=\"_blank\" rel=\"noopener noreferrer\"><img data-opt-id=550532943  fetchpriority=\"high\" decoding=\"async\" class=\"aligncenter wp-image-1143 size-full\" src=\"https:\/\/ml4lvzevoq9y.i.optimole.com\/w:auto\/h:auto\/q:mauto\/f:best\/http:\/\/www.itechsas.com\/blog\/wp-content\/uploads\/2018\/07\/registrate.jpg\" alt=\"\" width=\"383\" height=\"131\" srcset=\"https:\/\/ml4lvzevoq9y.i.optimole.com\/w:383\/h:131\/q:mauto\/f:best\/https:\/\/www.itechsas.com\/blog\/wp-content\/uploads\/2018\/07\/registrate.jpg 383w, https:\/\/ml4lvzevoq9y.i.optimole.com\/w:300\/h:103\/q:mauto\/f:best\/https:\/\/www.itechsas.com\/blog\/wp-content\/uploads\/2018\/07\/registrate.jpg 300w\" sizes=\"(max-width: 383px) 100vw, 383px\" \/><\/a><\/p>\n<form id=\"ema_signup_form\" accept-charset=\"UTF-8\" action=\"https:\/\/emailmarketing.secureserver.net\/signups\/subscribe\/317083\" method=\"post\" target=\"_blank\"><input name=\"utf8\" type=\"hidden\" value=\"\u2713\" \/><\/p>\n<ul>\n<li class=\"mimi_field required\">Al registrarse autoriza el tratamiento y uso de sus datos de acuerdo a nuestra pol\u00edtica de privacidad y protecci\u00f3n de datos personales.<\/li>\n<li class=\"mimi_field required\">Recibir\u00e1 un correo de confirmaci\u00f3n y validaci\u00f3n, revise su bandeja de correo de entrada o no deseado para finalizar el registro.<\/li>\n<\/ul>\n<div class=\"mimi_field required\">\n<p><input class=\"field_type\" type=\"hidden\" data-field-type=\"checkboxes\" \/><\/p>\n<\/div>\n<div class=\"mimi_field\">\n<p><a href=\"http:\/\/itechsas.com\/index.php\/es\/?option=com_content&amp;view=article&amp;id=15\" target=\"_blank\" rel=\"noopener noreferrer\">Ver pol\u00edtica de privacidad<\/a><\/p>\n<\/div>\n<div style=\"background: white; font-size: 1px; height: 0; overflow: hidden;\"><input style=\"font-size: 1px; width: 1px !important; height: 1px !important; border: 0 !important; line-height: 1px !important; padding: 0 0; min-height: 1px !important;\" name=\"c96e1147deeac73fdba7ac6bb3eb0c95\" type=\"text\" \/><br \/>\n<input class=\"checkbox\" name=\"beacon\" type=\"checkbox\" \/><\/div>\n<div class=\"mimi_field\"><\/div>\n<\/form>\n","protected":false},"excerpt":{"rendered":"<p>Reg\u00edstrate a nuestro sistema de comunicaciones para estar enterado de las ultimas noticias en seguridad de TI, Ciberseguridad, protecci\u00f3n de datos y no perderse de los eventos, charlas, seminarios y cursos online de tu inter\u00e9s. Al registrarse autoriza el tratamiento y uso de sus datos de acuerdo a nuestra pol\u00edtica de privacidad y protecci\u00f3n de&hellip;<\/p>\n","protected":false},"author":1,"featured_media":0,"parent":0,"menu_order":0,"comment_status":"closed","ping_status":"closed","template":"","meta":{"footnotes":""},"class_list":["post-1144","page","type-page","status-publish","hentry"],"_links":{"self":[{"href":"https:\/\/www.itechsas.com\/blog\/wp-json\/wp\/v2\/pages\/1144","targetHints":{"allow":["GET"]}}],"collection":[{"href":"https:\/\/www.itechsas.com\/blog\/wp-json\/wp\/v2\/pages"}],"about":[{"href":"https:\/\/www.itechsas.com\/blog\/wp-json\/wp\/v2\/types\/page"}],"author":[{"embeddable":true,"href":"https:\/\/www.itechsas.com\/blog\/wp-json\/wp\/v2\/users\/1"}],"replies":[{"embeddable":true,"href":"https:\/\/www.itechsas.com\/blog\/wp-json\/wp\/v2\/comments?post=1144"}],"version-history":[{"count":0,"href":"https:\/\/www.itechsas.com\/blog\/wp-json\/wp\/v2\/pages\/1144\/revisions"}],"wp:attachment":[{"href":"https:\/\/www.itechsas.com\/blog\/wp-json\/wp\/v2\/media?parent=1144"}],"curies":[{"name":"wp","href":"https:\/\/api.w.org\/{rel}","templated":true}]}}