{"id":1192,"date":"2018-09-12T21:15:21","date_gmt":"2018-09-13T02:15:21","guid":{"rendered":"http:\/\/www.itechsas.com\/blog\/?page_id=1192"},"modified":"2021-03-14T17:25:04","modified_gmt":"2021-03-14T22:25:04","slug":"guia-de-videovigilancia-ley-1581","status":"publish","type":"page","link":"https:\/\/www.itechsas.com\/blog\/guia-de-videovigilancia-ley-1581\/","title":{"rendered":"Gu\u00eda de videovigilancia"},"content":{"rendered":"\n<figure class=\"wp-block-image size-large\"><a href=\"https:\/\/ml4lvzevoq9y.i.optimole.com\/w:auto\/h:auto\/q:mauto\/f:best\/https:\/\/www.itechsas.com\/blog\/wp-content\/uploads\/2021\/03\/image-2.png\"><img data-opt-id=651607393  fetchpriority=\"high\" decoding=\"async\" width=\"717\" height=\"375\" src=\"https:\/\/ml4lvzevoq9y.i.optimole.com\/w:auto\/h:auto\/q:mauto\/f:best\/https:\/\/www.itechsas.com\/blog\/wp-content\/uploads\/2021\/03\/image-2.png\" alt=\"\" class=\"wp-image-2764\" srcset=\"https:\/\/ml4lvzevoq9y.i.optimole.com\/w:717\/h:375\/q:mauto\/f:best\/https:\/\/www.itechsas.com\/blog\/wp-content\/uploads\/2021\/03\/image-2.png 717w, https:\/\/ml4lvzevoq9y.i.optimole.com\/w:300\/h:157\/q:mauto\/f:best\/https:\/\/www.itechsas.com\/blog\/wp-content\/uploads\/2021\/03\/image-2.png 300w\" sizes=\"(max-width: 650px) 100vw, 650px\" \/><\/a><\/figure>\n\n\n\n<div class=\"wp-block-group\"><div class=\"wp-block-group__inner-container is-layout-flow wp-block-group-is-layout-flow\">\n<p>Los Sistemas de Videovigilancia (SV) o c\u00e1maras de seguridad implementadas con la finalidad de garantizar la seguridad de bienes o personas en un lugar determinado han venido incrementando su presencia al ser considerados como un medio id\u00f3neo para realizar el monitoreo y la observaci\u00f3n de actividades en escenarios dom\u00e9sticos, empresariales, laborales y p\u00fablicos.<\/p>\n<p>Estas tareas de monitoreo y observaci\u00f3n realizadas a trav\u00e9s de estos sistemas, implican la recopilaci\u00f3n de im\u00e1genes de personas. El tratamiento de esos datos se debe realizar teniendo en cuenta los principios establecidos en\u00a0el R\u00e9gimen General de Protecci\u00f3n de Datos Personales,\u00a0 como son: legalidad, finalidad, libertad, calidad o veracidad, seguridad, confidencialidad, acceso y circulaci\u00f3n restringida, y transparencia, as\u00ed como las dem\u00e1s disposiciones contenidas en la ley 1581.<\/p>\n<p>A continuaci\u00f3n, encontrara algunas recomendaciones para hacer un buen uso de los sistemas de videovigilancia y cumplir con la ley de protecci\u00f3n de los datos:<\/p>\n<p><a href=\"http:\/\/www.itechsas.com\/blog\/guia-de-videovigilancia-ley-1581\/attachment\/guiasv\/\" rel=\"attachment wp-att-1194\"><img data-opt-id=535696702  fetchpriority=\"high\" decoding=\"async\" class=\" wp-image-1194\" src=\"https:\/\/ml4lvzevoq9y.i.optimole.com\/w:auto\/h:auto\/q:mauto\/f:best\/http:\/\/www.itechsas.com\/blog\/wp-content\/uploads\/2018\/09\/GuiaSV.jpg\" alt=\"\" width=\"669\" height=\"691\" srcset=\"https:\/\/ml4lvzevoq9y.i.optimole.com\/w:542\/h:560\/q:mauto\/f:best\/https:\/\/www.itechsas.com\/blog\/wp-content\/uploads\/2018\/09\/GuiaSV.jpg 542w, https:\/\/ml4lvzevoq9y.i.optimole.com\/w:290\/h:300\/q:mauto\/f:best\/https:\/\/www.itechsas.com\/blog\/wp-content\/uploads\/2018\/09\/GuiaSV.jpg 290w\" sizes=\"(max-width: 650px) 100vw, 650px\" \/><\/a><\/p>\n<p>Gu\u00eda videovigilancia ley 1581. Para descarga, clic <span style=\"color: #3366ff;\"><a style=\"color: #3366ff;\" href=\"http:\/\/itechsas.com\/blog\/documents\/Tips_Sistema_Videovigilancia_Itech.pdf\" target=\"_blank\" rel=\"noopener noreferrer\">Aqu\u00ed\u00a0<\/a><\/span><\/p>\n<p>Para leer la gu\u00eda completa de sistemas de <strong>videovigilancia de la SIC<\/strong>, clic <span style=\"color: #3366ff;\"><a style=\"color: #3366ff;\" href=\"https:\/\/www.sic.gov.co\/sites\/default\/files\/files\/Nuestra_Entidad\/Guia_Vigilancia_sept16_2016.pdf\" target=\"_blank\" rel=\"noopener noreferrer\">Aqu\u00ed\u00a0<\/a><\/span><\/p>\n<\/div><\/div>\n","protected":false},"excerpt":{"rendered":"<p>Los Sistemas de Videovigilancia (SV) o c\u00e1maras de seguridad implementadas con la finalidad de garantizar la seguridad de bienes o personas en un lugar determinado han venido incrementando su presencia al ser considerados como un medio id\u00f3neo para realizar el monitoreo y la observaci\u00f3n de actividades en escenarios dom\u00e9sticos, empresariales, laborales y p\u00fablicos. Estas tareas&hellip;<\/p>\n","protected":false},"author":1,"featured_media":0,"parent":0,"menu_order":0,"comment_status":"closed","ping_status":"closed","template":"","meta":{"footnotes":""},"class_list":["post-1192","page","type-page","status-publish","hentry"],"_links":{"self":[{"href":"https:\/\/www.itechsas.com\/blog\/wp-json\/wp\/v2\/pages\/1192","targetHints":{"allow":["GET"]}}],"collection":[{"href":"https:\/\/www.itechsas.com\/blog\/wp-json\/wp\/v2\/pages"}],"about":[{"href":"https:\/\/www.itechsas.com\/blog\/wp-json\/wp\/v2\/types\/page"}],"author":[{"embeddable":true,"href":"https:\/\/www.itechsas.com\/blog\/wp-json\/wp\/v2\/users\/1"}],"replies":[{"embeddable":true,"href":"https:\/\/www.itechsas.com\/blog\/wp-json\/wp\/v2\/comments?post=1192"}],"version-history":[{"count":0,"href":"https:\/\/www.itechsas.com\/blog\/wp-json\/wp\/v2\/pages\/1192\/revisions"}],"wp:attachment":[{"href":"https:\/\/www.itechsas.com\/blog\/wp-json\/wp\/v2\/media?parent=1192"}],"curies":[{"name":"wp","href":"https:\/\/api.w.org\/{rel}","templated":true}]}}