{"id":357,"date":"2015-02-23T21:28:16","date_gmt":"2015-02-23T21:28:16","guid":{"rendered":"http:\/\/www.itechsas.com\/blog\/?page_id=357"},"modified":"2020-08-08T13:51:37","modified_gmt":"2020-08-08T18:51:37","slug":"decreto-886","status":"publish","type":"page","link":"https:\/\/www.itechsas.com\/blog\/ley-1581-protecion-de-datos\/decreto-886\/","title":{"rendered":"Decreto  886"},"content":{"rendered":"<p style=\"text-align: center;\"><a href=\"https:\/\/ml4lvzevoq9y.i.optimole.com\/w:auto\/h:auto\/q:mauto\/f:best\/http:\/\/www.itechsas.com\/blog\/wp-content\/uploads\/2015\/02\/bases-d.-734x500.jpg\"><img data-opt-id=1395972572  fetchpriority=\"high\" decoding=\"async\" class=\"alignnone size-medium wp-image-369\" src=\"https:\/\/ml4lvzevoq9y.i.optimole.com\/w:300\/h:204\/q:mauto\/f:best\/http:\/\/www.itechsas.com\/blog\/wp-content\/uploads\/2015\/02\/bases-d.-734x500.jpg\" alt=\"bases-d.-734x500\" width=\"300\" height=\"204\" srcset=\"https:\/\/ml4lvzevoq9y.i.optimole.com\/w:300\/h:204\/q:mauto\/f:best\/https:\/\/www.itechsas.com\/blog\/wp-content\/uploads\/2015\/02\/bases-d.-734x500.jpg 300w, https:\/\/ml4lvzevoq9y.i.optimole.com\/w:100\/h:68\/q:mauto\/f:best\/dpr:2\/https:\/\/www.itechsas.com\/blog\/wp-content\/uploads\/2015\/02\/bases-d.-734x500.jpg 100w, https:\/\/ml4lvzevoq9y.i.optimole.com\/w:734\/h:500\/q:mauto\/f:best\/https:\/\/www.itechsas.com\/blog\/wp-content\/uploads\/2015\/02\/bases-d.-734x500.jpg 734w\" sizes=\"(max-width: 300px) 100vw, 300px\" \/><\/a><\/p>\n<p style=\"text-align: justify;\">Las empresas manejan informaci\u00f3n y datos de sus clientes, trabajadores o terceros relacionados con sus actividades comerciales o laborales y que en la mayor\u00eda de los casos son datos de car\u00e1cter personal, privados o sensibles\u00a0que deben ser tratados con sumo cuidado para evitar violentar la normativa de privacidad y datos personales.<\/p>\n<p style=\"text-align: justify;\">El decreto 886 reglamentario del 13 de mayo de\u00a02014 pone en marcha el registro nacional de bases de datos en Colombia, que junto con el pasado decreto 1377 de 2013, que reglament\u00f3 parcialmente la Ley de protecci\u00f3n de datos, son elementos claves para iniciar un sistema completo de protecci\u00f3n de datos personalesa\u00a0en Colombia.<\/p>\n<p style=\"text-align: justify;\"><a href=\"http:\/\/www.itechsas.com\/blog\/documents\/Decreto_886_2014.pdf\" target=\"_blank\" rel=\"noopener noreferrer\">\u00a0<b><u>DECRETO 886<\/u><\/b><\/a><\/p>\n","protected":false},"excerpt":{"rendered":"<p>Las empresas manejan informaci\u00f3n y datos de sus clientes, trabajadores o terceros relacionados con sus actividades comerciales o laborales y que en la mayor\u00eda de los casos son datos de car\u00e1cter personal, privados o sensibles\u00a0que deben ser tratados con sumo cuidado para evitar violentar la normativa de privacidad y datos personales. El decreto 886 reglamentario&hellip;<\/p>\n","protected":false},"author":1,"featured_media":0,"parent":345,"menu_order":2,"comment_status":"closed","ping_status":"open","template":"","meta":{"footnotes":""},"class_list":["post-357","page","type-page","status-publish","hentry"],"_links":{"self":[{"href":"https:\/\/www.itechsas.com\/blog\/wp-json\/wp\/v2\/pages\/357","targetHints":{"allow":["GET"]}}],"collection":[{"href":"https:\/\/www.itechsas.com\/blog\/wp-json\/wp\/v2\/pages"}],"about":[{"href":"https:\/\/www.itechsas.com\/blog\/wp-json\/wp\/v2\/types\/page"}],"author":[{"embeddable":true,"href":"https:\/\/www.itechsas.com\/blog\/wp-json\/wp\/v2\/users\/1"}],"replies":[{"embeddable":true,"href":"https:\/\/www.itechsas.com\/blog\/wp-json\/wp\/v2\/comments?post=357"}],"version-history":[{"count":0,"href":"https:\/\/www.itechsas.com\/blog\/wp-json\/wp\/v2\/pages\/357\/revisions"}],"up":[{"embeddable":true,"href":"https:\/\/www.itechsas.com\/blog\/wp-json\/wp\/v2\/pages\/345"}],"wp:attachment":[{"href":"https:\/\/www.itechsas.com\/blog\/wp-json\/wp\/v2\/media?parent=357"}],"curies":[{"name":"wp","href":"https:\/\/api.w.org\/{rel}","templated":true}]}}