{"id":484,"date":"2015-06-05T20:49:22","date_gmt":"2015-06-05T20:49:22","guid":{"rendered":"http:\/\/www.itechsas.com\/blog\/?page_id=484"},"modified":"2024-07-24T16:38:25","modified_gmt":"2024-07-24T21:38:25","slug":"responsabilidad","status":"publish","type":"page","link":"https:\/\/www.itechsas.com\/blog\/ley-1581-protecion-de-datos\/responsabilidad\/","title":{"rendered":"Responsabilidad Demostrada"},"content":{"rendered":"<p style=\"text-align: justify;\">La imagen y la reputaci\u00f3n son consideradas como un activo importante para grandes, medianas y peque\u00f1as empresas; por lo tanto, la implementaci\u00f3n de pol\u00edticas de privacidad de datos personales contribuye en gran medida al desarrollo econ\u00f3mico de cada una, ya que el cumplimiento de la ley, le da visibilidad frente a sus competidoras. Es por esto que la Delegatura de Protecci\u00f3n de Datos Personales de la Superintendencia de Industria y Comercio, lanz\u00f3\u00a0<strong>la\u00a0Gu\u00eda para la Implementaci\u00f3n del Principio de Responsabilidad Demostrada\u00a0<\/strong>con la que se busca identificar<strong>: <\/strong><strong>Que debe hacer una empresa para implementar un programa integral de gesti\u00f3n de datos personales<\/strong>.<\/p>\n<img data-opt-id=1435337105  fetchpriority=\"high\" decoding=\"async\" class=\"aligncenter\" src=\"https:\/\/ml4lvzevoq9y.i.optimole.com\/w:auto\/h:auto\/q:mauto\/f:best\/http:\/\/www.itechsas.com\/blog\/wp-content\/uploads\/2019\/01\/image-1.png\" alt=\"La imagen tiene un atributo ALT vac\u00edo; su nombre de archivo es image-1.png\" \/>\n<p style=\"text-align: justify;\">El concepto de Responsabilidad Demostrada viene del concepto en ingles de <strong>Accountability<\/strong>, donde se enfatiza el rol del responsable del tratamiento como el llamado a implementar todas las medidas necesarias dentro de la organizaci\u00f3n que permitan cumplir con la ley, de este modo, la verificaci\u00f3n por parte de la Superintendencia de Industria y Comercio de la existencia de medidas y pol\u00edticas espec\u00edficas para el manejo adecuado de los datos personales que administra un Responsable ser\u00e1 tenida en cuenta al momento de evaluar la imposici\u00f3n de sanciones\u00a0 por violaci\u00f3n a los deberes y obligaciones establecidas.<\/p>\n\n<ol>\n \t<li>Compromiso de la alta gerencia y asignaci\u00f3n de responsabilidades<\/li>\n \t<li>Presentaci\u00f3n de informes<\/li>\n \t<li>Procedimientos operacionales<\/li>\n \t<li>Inventario de las bases de datos<\/li>\n \t<li>Pol\u00edticas efectivas<\/li>\n \t<li>Sistema de Administraci\u00f3n de riesgos asociados al tratamiento de datos personales<\/li>\n \t<li>Requisitos de formaci\u00f3n y educaci\u00f3n<\/li>\n \t<li>Protocolos de respuesta en el manejo de violaciones e incidentes<\/li>\n \t<li>Gesti\u00f3n de los encargados del tratamiento en las transferencias o transmisiones internacionales de datos personales<\/li>\n \t<li>Comunicaci\u00f3n externa<\/li>\n<\/ol>\n<strong>Clic en el siguiente enlace para <a href=\"http:\/\/itechsas.com\/blog\/documents\/Guia_Accountability.pdf\">Descargar pdf<\/a><\/strong>","protected":false},"excerpt":{"rendered":"<p>La imagen y la reputaci\u00f3n son consideradas como un activo importante para grandes, medianas y peque\u00f1as empresas; por lo tanto, la implementaci\u00f3n de pol\u00edticas de privacidad de datos personales contribuye en gran medida al desarrollo econ\u00f3mico de cada una, ya que el cumplimiento de la ley, le da visibilidad frente a sus competidoras. Es por&hellip;<\/p>\n","protected":false},"author":1,"featured_media":0,"parent":345,"menu_order":3,"comment_status":"closed","ping_status":"open","template":"","meta":{"footnotes":""},"class_list":["post-484","page","type-page","status-publish","hentry"],"_links":{"self":[{"href":"https:\/\/www.itechsas.com\/blog\/wp-json\/wp\/v2\/pages\/484","targetHints":{"allow":["GET"]}}],"collection":[{"href":"https:\/\/www.itechsas.com\/blog\/wp-json\/wp\/v2\/pages"}],"about":[{"href":"https:\/\/www.itechsas.com\/blog\/wp-json\/wp\/v2\/types\/page"}],"author":[{"embeddable":true,"href":"https:\/\/www.itechsas.com\/blog\/wp-json\/wp\/v2\/users\/1"}],"replies":[{"embeddable":true,"href":"https:\/\/www.itechsas.com\/blog\/wp-json\/wp\/v2\/comments?post=484"}],"version-history":[{"count":1,"href":"https:\/\/www.itechsas.com\/blog\/wp-json\/wp\/v2\/pages\/484\/revisions"}],"predecessor-version":[{"id":3945,"href":"https:\/\/www.itechsas.com\/blog\/wp-json\/wp\/v2\/pages\/484\/revisions\/3945"}],"up":[{"embeddable":true,"href":"https:\/\/www.itechsas.com\/blog\/wp-json\/wp\/v2\/pages\/345"}],"wp:attachment":[{"href":"https:\/\/www.itechsas.com\/blog\/wp-json\/wp\/v2\/media?parent=484"}],"curies":[{"name":"wp","href":"https:\/\/api.w.org\/{rel}","templated":true}]}}