{"id":6,"date":"2014-12-31T21:46:42","date_gmt":"2014-12-31T21:46:42","guid":{"rendered":"http:\/\/www.itechsas.com\/blog\/?page_id=6"},"modified":"2020-08-08T13:51:37","modified_gmt":"2020-08-08T18:51:37","slug":"noticias-de-seguridad-informatica","status":"publish","type":"page","link":"https:\/\/www.itechsas.com\/blog\/noticias-de-seguridad-informatica\/","title":{"rendered":"Noticias de seguridad"},"content":{"rendered":"<p>&nbsp;<\/p>\n<div class=\"feedzy-d675ade27c190a57c743754387cb95ed feedzy-rss\"><div class=\"rss_header\"><h2><a href=\"\" class=\"rss_title\" rel=\"noopener\"><\/a> <span class=\"rss_description\"> <\/span><\/h2><\/div><ul>El feed no tiene elementos.<\/ul> <\/div>\n<div class=\"feedzy-e51c145fe96e1e02872a3361df3a69f1 feedzy-rss\"><div class=\"rss_header\"><h2><a href=\"https:\/\/www.welivesecurity.com\/\" class=\"rss_title\" rel=\"noopener\">WeLiveSecurity<\/a> <span class=\"rss_description\"> WeLiveSecurity<\/span><\/h2><\/div><ul><li  style=\"padding: 15px 0 25px\" class=\"rss_item\"><span class=\"title\"><a href=\"https:\/\/www.welivesecurity.com\/es\/privacidad\/compromiso-datos-booking-que-ocurrio-como-protegerse\/\" target=\"_blank\" rel=\" noopener\">Datos de usuarios de Booking.com expuestos: qu\u00e9 ocurri\u00f3 y c\u00f3mo protegerse<\/a><\/span><div class=\"rss_content\" style=\"\"><small>en abril 14, 2026 a las 6:50 pm <\/small><p>Un incidente de seguridad enciende las alertas sobre estafas de ingenier\u00eda social y refuerza la necesidad de mayor vigilancia en plataformas de viajes.<\/p><\/div><\/li><li  style=\"padding: 15px 0 25px\" class=\"rss_item\"><span class=\"title\"><a href=\"https:\/\/www.welivesecurity.com\/es\/seguridad-corporativa\/ciberseguridad-tiempo-de-respuesta-prevencion\/\" target=\"_blank\" rel=\" noopener\">El tiempo para detener un ataque se achica: por qu\u00e9 la prevenci\u00f3n es clave<\/a><\/span><div class=\"rss_content\" style=\"\"><small>en abril 13, 2026 a las 5:45 pm <\/small><p>Los atacantes est\u00e1n usando IA para potenciar t\u00e9cnicas ya conocidas. Con amenazas que avanzan cada vez m\u00e1s r\u00e1pido, los equipos de ciberseguridad deben replantear su estrategia<\/p><\/div><\/li><li  style=\"padding: 15px 0 25px\" class=\"rss_item\"><span class=\"title\"><a href=\"https:\/\/www.welivesecurity.com\/es\/estafas-enganos\/recovery-scam-estafas-recuperacion-deudas\/\" target=\"_blank\" rel=\" noopener\">Recovery scams: falsos servicios de recupero de dinero tras haber sufrido una estafa<\/a><\/span><div class=\"rss_content\" style=\"\"><small>en abril 10, 2026 a las 7:40 pm <\/small><p>Si ya fuiste v\u00edctima de fraude, probablemente ya est\u00e9s en una lista especial para los ciberdelincuentes \u2014y si no tienes cuidado, tu situaci\u00f3n podr\u00eda empeorar.<\/p><\/div><\/li><li  style=\"padding: 15px 0 25px\" class=\"rss_item\"><span class=\"title\"><a href=\"https:\/\/www.welivesecurity.com\/es\/seguridad-digital\/claude-mythos-preview-vulnerabilidades-inadvertidas\/\" target=\"_blank\" rel=\" noopener\">Claude Mythos Preview: una mirada al potencial de la IA en el descubrimiento de vulnerabilidades<\/a><\/span><div class=\"rss_content\" style=\"\"><small>en abril 10, 2026 a las 2:45 pm <\/small><p>Un modelo de IA que, seg\u00fan reportes, muestra capacidades avanzadas para identificar vulnerabilidades complejas y plantea nuevos desaf\u00edos para las estrategias defensivas en ciberseguridad.<\/p><\/div><\/li><li  style=\"padding: 15px 0 25px\" class=\"rss_item\"><span class=\"title\"><a href=\"https:\/\/www.welivesecurity.com\/es\/estafas-enganos\/como-suplantaron-a-una-telefonica-mexicana-para-robar-datos-financieros\/\" target=\"_blank\" rel=\" noopener\">C\u00f3mo suplantaron a una telef\u00f3nica mexicana para robar datos financieros<\/a><\/span><div class=\"rss_content\" style=\"\"><small>en abril 8, 2026 a las 3:27 pm <\/small><p>Una estafa por SMS muestra c\u00f3mo los cibercriminales roban datos financieros y por qu\u00e9 reconocer estos enga\u00f1os sigue siendo fundamental.<\/p><\/div><\/li><\/ul> <\/div><style type=\"text\/css\" media=\"all\">.feedzy-rss .rss_item .rss_image{float:left;position:relative;border:none;text-decoration:none;max-width:100%}.feedzy-rss .rss_item .rss_image span{display:inline-block;position:absolute;width:100%;height:100%;background-position:50%;background-size:cover}.feedzy-rss .rss_item .rss_image{margin:.3em 1em 0 0;content-visibility:auto}.feedzy-rss ul{list-style:none}.feedzy-rss ul li{display:inline-block}<\/style>\n","protected":false},"excerpt":{"rendered":"<p>&nbsp;<\/p>\n","protected":false},"author":1,"featured_media":664,"parent":0,"menu_order":0,"comment_status":"closed","ping_status":"closed","template":"","meta":{"footnotes":""},"class_list":["post-6","page","type-page","status-publish","has-post-thumbnail","hentry"],"_links":{"self":[{"href":"https:\/\/www.itechsas.com\/blog\/wp-json\/wp\/v2\/pages\/6","targetHints":{"allow":["GET"]}}],"collection":[{"href":"https:\/\/www.itechsas.com\/blog\/wp-json\/wp\/v2\/pages"}],"about":[{"href":"https:\/\/www.itechsas.com\/blog\/wp-json\/wp\/v2\/types\/page"}],"author":[{"embeddable":true,"href":"https:\/\/www.itechsas.com\/blog\/wp-json\/wp\/v2\/users\/1"}],"replies":[{"embeddable":true,"href":"https:\/\/www.itechsas.com\/blog\/wp-json\/wp\/v2\/comments?post=6"}],"version-history":[{"count":0,"href":"https:\/\/www.itechsas.com\/blog\/wp-json\/wp\/v2\/pages\/6\/revisions"}],"wp:featuredmedia":[{"embeddable":true,"href":"https:\/\/www.itechsas.com\/blog\/wp-json\/wp\/v2\/media\/664"}],"wp:attachment":[{"href":"https:\/\/www.itechsas.com\/blog\/wp-json\/wp\/v2\/media?parent=6"}],"curies":[{"name":"wp","href":"https:\/\/api.w.org\/{rel}","templated":true}]}}