{"id":699,"date":"2016-05-24T21:26:07","date_gmt":"2016-05-24T21:26:07","guid":{"rendered":"http:\/\/www.itechsas.com\/blog\/?page_id=699"},"modified":"2016-05-25T20:42:40","modified_gmt":"2016-05-25T20:42:40","slug":"el-sector-financiero-paso-a-ser-el-mas-atacado-en-seguridad-informatica","status":"publish","type":"page","link":"https:\/\/www.itechsas.com\/blog\/riesgos-de-seguridad\/el-sector-financiero-paso-a-ser-el-mas-atacado-en-seguridad-informatica\/","title":{"rendered":"El sector financiero"},"content":{"rendered":"<div style=\"text-align: justify;\">\n<p>Seg\u00fan un estudio de Digiware, integrador de seguridad inform\u00e1tica en Am\u00e9rica Latina, el sector financiero pas\u00f3 del segundo al primer puesto en cuanto incidentes cibern\u00e9ticos. Seg\u00fan la compa\u00f1\u00eda el sector financiero el a\u00f1o pasado registraba el 14.34% de ataques, este a\u00f1o la cifra se eleva por encima de los 75,29% equivalentes a 6.600.000 ataques por d\u00eda.<\/p>\n<p>Desde el a\u00f1o pasado se ten\u00eda previsto que los ataques sobre m\u00f3viles, ser\u00edan un foco para el robo de dinero, en especial para transacciones financieras; entendiendo que hoy en d\u00eda, una de cada cinco transacciones es realizada en un dispositivo m\u00f3vil.<\/p>\n<p>Esta tendencia de ataques a trav\u00e9s de m\u00f3vil est\u00e1 en aumento, las organizaciones financieras son m\u00e1s dependientes hoy en d\u00eda de la tecnolog\u00eda, en el caso de los dispositivos m\u00f3viles frente a los usuarios, hace unos a\u00f1os era impensable cambiar la sucursal f\u00edsica por la virtual, el aumento y uso por parte de los consumidores de estas herramientas han hecho que este sector sea foco de ataques.<\/p>\n<div style=\"text-align: left;\"><\/div>\n<p>El mismo estudio dio a conocer que las quincenas son los d\u00edas d\u00f3nde m\u00e1s se dan los incidentes cibern\u00e9ticos, pues es m\u00e1s m\u00e1s dif\u00edcil identificar un delincuente cuando hay millones de usuarios realizando transacciones.<\/p>\n<p><strong>Otros sectores atacados:<\/strong><\/p>\n<ul>\n<li>El sector gobierno se ubica en la segunda posici\u00f3n con un total de 925.000 ataques por d\u00eda que corresponde al 10.56%<\/li>\n<li>El sector comunicaciones-telcos representa el 8.41% equivalente a 737.200 ataques por d\u00eda.<\/li>\n<li>El sector Energ\u00e9tico representa 325.347 ataques por d\u00eda, equivalente al 3.71%.<\/li>\n<li>El sector industria con 173.900 ataques por d\u00eda siendo el 1.98%<\/li>\n<li>El sector comercio con 3.600 equivalente al 0.05%.<\/li>\n<\/ul>\n<p>Seg\u00fan estas cifras todos los sectores presentar\u00e1n una tendencia en el aumento de ataques, inclusive el sector energ\u00e9tico que en el \u00faltimo a\u00f1o habia descendido.<\/p>\n<p>&nbsp;<\/p>\n<\/div>\n","protected":false},"excerpt":{"rendered":"<p>Seg\u00fan un estudio de Digiware, integrador de seguridad inform\u00e1tica en Am\u00e9rica Latina, el sector financiero pas\u00f3 del segundo al primer puesto en cuanto incidentes cibern\u00e9ticos. Seg\u00fan la compa\u00f1\u00eda el sector financiero el a\u00f1o pasado registraba el 14.34% de ataques, este a\u00f1o la cifra se eleva por encima de los 75,29% equivalentes a 6.600.000 ataques por&hellip;<\/p>\n","protected":false},"author":1,"featured_media":729,"parent":617,"menu_order":0,"comment_status":"closed","ping_status":"closed","template":"","meta":{"footnotes":""},"class_list":["post-699","page","type-page","status-publish","has-post-thumbnail","hentry"],"_links":{"self":[{"href":"https:\/\/www.itechsas.com\/blog\/wp-json\/wp\/v2\/pages\/699","targetHints":{"allow":["GET"]}}],"collection":[{"href":"https:\/\/www.itechsas.com\/blog\/wp-json\/wp\/v2\/pages"}],"about":[{"href":"https:\/\/www.itechsas.com\/blog\/wp-json\/wp\/v2\/types\/page"}],"author":[{"embeddable":true,"href":"https:\/\/www.itechsas.com\/blog\/wp-json\/wp\/v2\/users\/1"}],"replies":[{"embeddable":true,"href":"https:\/\/www.itechsas.com\/blog\/wp-json\/wp\/v2\/comments?post=699"}],"version-history":[{"count":0,"href":"https:\/\/www.itechsas.com\/blog\/wp-json\/wp\/v2\/pages\/699\/revisions"}],"up":[{"embeddable":true,"href":"https:\/\/www.itechsas.com\/blog\/wp-json\/wp\/v2\/pages\/617"}],"wp:featuredmedia":[{"embeddable":true,"href":"https:\/\/www.itechsas.com\/blog\/wp-json\/wp\/v2\/media\/729"}],"wp:attachment":[{"href":"https:\/\/www.itechsas.com\/blog\/wp-json\/wp\/v2\/media?parent=699"}],"curies":[{"name":"wp","href":"https:\/\/api.w.org\/{rel}","templated":true}]}}