{"id":780,"date":"2017-10-04T16:11:12","date_gmt":"2017-10-04T16:11:12","guid":{"rendered":"http:\/\/www.itechsas.com\/blog\/?page_id=780"},"modified":"2020-08-08T13:51:37","modified_gmt":"2020-08-08T18:51:37","slug":"decreto-90-ley-1581","status":"publish","type":"page","link":"https:\/\/www.itechsas.com\/blog\/ley-1581-protecion-de-datos\/decreto-90-ley-1581\/","title":{"rendered":"Decreto 90 de enero 2018"},"content":{"rendered":"<p><a href=\"https:\/\/ml4lvzevoq9y.i.optimole.com\/w:auto\/h:auto\/q:mauto\/f:best\/http:\/\/www.itechsas.com\/blog\/wp-content\/uploads\/2016\/10\/banner_redes_rnbd_septiembre-03.jpg\"><img data-opt-id=342739342  fetchpriority=\"high\" decoding=\"async\" class=\"alignleft size-full wp-image-903\" src=\"https:\/\/ml4lvzevoq9y.i.optimole.com\/w:auto\/h:auto\/q:mauto\/f:best\/http:\/\/www.itechsas.com\/blog\/wp-content\/uploads\/2016\/10\/banner_redes_rnbd_septiembre-03.jpg\" alt=\"banner_redes_rnbd_septiembre-03\" width=\"901\" height=\"451\" srcset=\"https:\/\/ml4lvzevoq9y.i.optimole.com\/w:901\/h:451\/q:mauto\/f:best\/https:\/\/www.itechsas.com\/blog\/wp-content\/uploads\/2016\/10\/banner_redes_rnbd_septiembre-03.jpg 901w, https:\/\/ml4lvzevoq9y.i.optimole.com\/w:300\/h:150\/q:mauto\/f:best\/https:\/\/www.itechsas.com\/blog\/wp-content\/uploads\/2016\/10\/banner_redes_rnbd_septiembre-03.jpg 300w, https:\/\/ml4lvzevoq9y.i.optimole.com\/w:830\/h:415\/q:mauto\/f:best\/https:\/\/www.itechsas.com\/blog\/wp-content\/uploads\/2016\/10\/banner_redes_rnbd_septiembre-03.jpg 830w\" sizes=\"(max-width: 650px) 100vw, 650px\" \/><\/a><\/p>\n<p>\u00a0<\/p>\n<p>El Registro Nacional de Bases de Datos \u2013 RNBD &#8211; es el directorio p\u00fablico de las bases de datos sujetas a tratamiento que operan en el pa\u00eds, el cual es administrado por la Superintendencia de Industria y Comercio y de libre consulta para los ciudadanos.<\/p>\n<p>El Gobierno Nacional, mediante el cap\u00edtulo 26 del Decreto \u00danico 1074 de 2015, reglament\u00f3 la informaci\u00f3n m\u00ednima que debe contener el RNBD y los t\u00e9rminos y condiciones bajo los cuales se deben inscribir en \u00e9ste las bases de datos sujetas a la aplicaci\u00f3n de la Ley 1581 de 2012.<\/p>\n<p>Mediante <strong>Decreto 090 del 18 de enero de 2018<\/strong>, el Gobierno Nacional modific\u00f3 el \u00e1mbito de aplicaci\u00f3n del Registro Nacional de Bases de Datos y creo unos nuevos plazos para que los sujetos que resulten obligados realicen la inscripci\u00f3n de sus bases de datos.<\/p>\n<p>Los sujetos que contin\u00faan con el deber de registrar sus bases de datos son las sociedades y entidades sin \u00e1nimo de lucro que tengan activos totales superiores a 100 mil Unidades de Valor Tributario (UVT) y las entidades de naturaleza p\u00fablica.<\/p>\n<p>Los plazos establecidos para realizar el registro de las bases de datos son tres:<\/p>\n<ul>\n<li>El primero de ellos es para las sociedades y entidades sin \u00e1nimo de lucro que tengan activos por m\u00e1s de 610.000 UVT, que deber\u00e1n registrar sus bases de datos a m\u00e1s tardar el <strong>30 de septiembre de 2018<\/strong>.<\/li>\n<li>El segundo plazo es para las sociedades y entidades sin \u00e1nimo de lucro que tengan activos totales superiores a 100.000 y hasta 610.000 UVT, quienes tendr\u00e1n plazo de realizar el registro hasta el <strong>30 de noviembre de 2018<\/strong>.<\/li>\n<li>Por \u00faltimo, el tercer plazo corresponde a las entidades p\u00fablicas, quienes tendr\u00e1n plazo para registrar sus bases de datos hasta el <strong>31 de enero de 2019.<\/strong><\/li>\n<\/ul>\n<p><a href=\"http:\/\/www.itechsas.com\/blog\/recursos\/gobierno-nacional-reduce-universo-de-obligados-a-cumplir-el-registro-de-bases-de-datos-ante-superintendencia-de-industria-y-comercio\/attachment\/unnamed-1\/\" rel=\"attachment wp-att-944\"><img data-opt-id=1967484724  fetchpriority=\"high\" decoding=\"async\" class=\"size-full wp-image-944 aligncenter\" src=\"https:\/\/ml4lvzevoq9y.i.optimole.com\/w:auto\/h:auto\/q:mauto\/f:best\/http:\/\/www.itechsas.com\/blog\/wp-content\/uploads\/2018\/01\/unnamed-1.jpg\" alt=\"\" width=\"700\" height=\"363\" srcset=\"https:\/\/ml4lvzevoq9y.i.optimole.com\/w:700\/h:363\/q:mauto\/f:best\/https:\/\/www.itechsas.com\/blog\/wp-content\/uploads\/2018\/01\/unnamed-1.jpg 700w, https:\/\/ml4lvzevoq9y.i.optimole.com\/w:300\/h:156\/q:mauto\/f:best\/https:\/\/www.itechsas.com\/blog\/wp-content\/uploads\/2018\/01\/unnamed-1.jpg 300w\" sizes=\"(max-width: 650px) 100vw, 650px\" \/><\/a><\/p>\n<p>Las bases de datos que se creen con posterioridad al vencimiento de los plazos ya mencionados, deber\u00e1n inscribirse dentro de los dos (2) meses siguientes, contados a partir de su creaci\u00f3n.<\/p>\n\n\n<p><a href=\"http:\/\/es.presidencia.gov.co\/normativa\/normativa\/DECRETO%2090%20DEL%2018%20ENERO%20DE%202018.pdf\" target=\"_blank\" rel=\"noreferrer noopener\" aria-label=\" (abre en una nueva pesta\u00f1a)\">Descarga de Decreto Aqui<\/a><\/p>\n","protected":false},"excerpt":{"rendered":"<p>\u00a0 El Registro Nacional de Bases de Datos \u2013 RNBD &#8211; es el directorio p\u00fablico de las bases de datos sujetas a tratamiento que operan en el pa\u00eds, el cual es administrado por la Superintendencia de Industria y Comercio y de libre consulta para los ciudadanos. El Gobierno Nacional, mediante el cap\u00edtulo 26 del Decreto&hellip;<\/p>\n","protected":false},"author":1,"featured_media":0,"parent":345,"menu_order":7,"comment_status":"closed","ping_status":"closed","template":"","meta":{"footnotes":""},"class_list":["post-780","page","type-page","status-publish","hentry"],"_links":{"self":[{"href":"https:\/\/www.itechsas.com\/blog\/wp-json\/wp\/v2\/pages\/780","targetHints":{"allow":["GET"]}}],"collection":[{"href":"https:\/\/www.itechsas.com\/blog\/wp-json\/wp\/v2\/pages"}],"about":[{"href":"https:\/\/www.itechsas.com\/blog\/wp-json\/wp\/v2\/types\/page"}],"author":[{"embeddable":true,"href":"https:\/\/www.itechsas.com\/blog\/wp-json\/wp\/v2\/users\/1"}],"replies":[{"embeddable":true,"href":"https:\/\/www.itechsas.com\/blog\/wp-json\/wp\/v2\/comments?post=780"}],"version-history":[{"count":0,"href":"https:\/\/www.itechsas.com\/blog\/wp-json\/wp\/v2\/pages\/780\/revisions"}],"up":[{"embeddable":true,"href":"https:\/\/www.itechsas.com\/blog\/wp-json\/wp\/v2\/pages\/345"}],"wp:attachment":[{"href":"https:\/\/www.itechsas.com\/blog\/wp-json\/wp\/v2\/media?parent=780"}],"curies":[{"name":"wp","href":"https:\/\/api.w.org\/{rel}","templated":true}]}}