{"id":59,"date":"2015-09-23T14:33:25","date_gmt":"2015-09-23T14:33:25","guid":{"rendered":"https:\/\/www.itechsas.com\/home\/nosotros\/"},"modified":"2024-08-02T02:24:00","modified_gmt":"2024-08-02T02:24:00","slug":"nosotros","status":"publish","type":"page","link":"https:\/\/www.itechsas.com\/home\/nosotros\/","title":{"rendered":"Nosotros"},"content":{"rendered":"\t\t<div data-elementor-type=\"wp-page\" data-elementor-id=\"59\" class=\"elementor elementor-59\">\n\t\t\t\t\t\t<section class=\"elementor-section elementor-top-section elementor-element elementor-element-b003654 elementor-section-boxed elementor-section-height-default elementor-section-height-default\" data-id=\"b003654\" data-element_type=\"section\">\n\t\t\t\t\t\t<div class=\"elementor-container elementor-column-gap-default\">\n\t\t\t\t\t<div class=\"elementor-column elementor-col-66 elementor-top-column elementor-element elementor-element-f12b368 animated-slow elementor-invisible\" data-id=\"f12b368\" data-element_type=\"column\" data-settings=\"{&quot;animation&quot;:&quot;fadeInDown&quot;}\">\n\t\t\t<div class=\"elementor-widget-wrap elementor-element-populated\">\n\t\t\t\t\t\t<div class=\"elementor-element elementor-element-e6f33a4 elementor-widget elementor-widget-heading\" data-id=\"e6f33a4\" data-element_type=\"widget\" data-widget_type=\"heading.default\">\n\t\t\t\t<div class=\"elementor-widget-container\">\n\t\t\t\t\t<h2 class=\"elementor-heading-title elementor-size-default\">Misi\u00f3n<br><\/h2>\t\t\t\t<\/div>\n\t\t\t\t<\/div>\n\t\t\t\t<div class=\"elementor-element elementor-element-0bba41b elementor-widget elementor-widget-text-editor\" data-id=\"0bba41b\" data-element_type=\"widget\" data-widget_type=\"text-editor.default\">\n\t\t\t\t<div class=\"elementor-widget-container\">\n\t\t\t\t\t\t\t\t\t<p><span style=\"font-family: tahoma,sans-serif;\">Lograr en nuestros clientes altos niveles de tranquilidad, confianza y satisfacci\u00f3n con soluciones integrales de ciberseguridad y protecci\u00f3n de datos, que incluyen servicios <\/span><span style=\"font-family: tahoma, sans-serif; color: var( --e-global-color-text ); font-weight: var( --e-global-typography-text-font-weight );\">especializados,\u00a0<\/span><span style=\"font-family: tahoma, sans-serif; color: var( --e-global-color-text ); font-weight: var( --e-global-typography-text-font-weight );\">software de ultima <\/span><span style=\"color: var( --e-global-color-text ); font-family: tahoma, sans-serif; font-weight: var( --e-global-typography-text-font-weight );\">tecnolog\u00eda, capacitaci\u00f3n, soporte y desarrollos propios que\u00a0 reducen los costos de implementaci\u00f3n, garantizando una excelente calidad.\u00a0<\/span><\/p>\t\t\t\t\t\t\t\t<\/div>\n\t\t\t\t<\/div>\n\t\t\t\t\t<\/div>\n\t\t<\/div>\n\t\t\t\t<div class=\"elementor-column elementor-col-33 elementor-top-column elementor-element elementor-element-331af0e animated-slow elementor-invisible\" data-id=\"331af0e\" data-element_type=\"column\" data-settings=\"{&quot;animation&quot;:&quot;fadeInUp&quot;}\">\n\t\t\t<div class=\"elementor-widget-wrap elementor-element-populated\">\n\t\t\t\t\t\t<div class=\"elementor-element elementor-element-5db84b8 elementor-widget elementor-widget-image\" data-id=\"5db84b8\" data-element_type=\"widget\" data-widget_type=\"image.default\">\n\t\t\t\t<div class=\"elementor-widget-container\">\n\t\t\t\t\t\t\t\t\t\t\t\t\t\t\t<img fetchpriority=\"high\" decoding=\"async\" width=\"640\" height=\"437\" src=\"https:\/\/www.itechsas.com\/home\/wp-content\/uploads\/2021\/05\/mision-itech-1-1024x699.jpg\" class=\"attachment-large size-large wp-image-127\" alt=\"MISI\u00d3N\" srcset=\"https:\/\/www.itechsas.com\/home\/wp-content\/uploads\/2021\/05\/mision-itech-1-1024x699.jpg 1024w, https:\/\/www.itechsas.com\/home\/wp-content\/uploads\/2021\/05\/mision-itech-1-600x410.jpg 600w, https:\/\/www.itechsas.com\/home\/wp-content\/uploads\/2021\/05\/mision-itech-1-300x205.jpg 300w, https:\/\/www.itechsas.com\/home\/wp-content\/uploads\/2021\/05\/mision-itech-1-768x524.jpg 768w, https:\/\/www.itechsas.com\/home\/wp-content\/uploads\/2021\/05\/mision-itech-1.jpg 1028w\" sizes=\"(max-width: 640px) 100vw, 640px\" \/>\t\t\t\t\t\t\t\t\t\t\t\t\t\t\t<\/div>\n\t\t\t\t<\/div>\n\t\t\t\t\t<\/div>\n\t\t<\/div>\n\t\t\t\t\t<\/div>\n\t\t<\/section>\n\t\t\t\t<section class=\"elementor-section elementor-top-section elementor-element elementor-element-43476d5 elementor-section-boxed elementor-section-height-default elementor-section-height-default\" data-id=\"43476d5\" data-element_type=\"section\">\n\t\t\t\t\t\t<div class=\"elementor-container elementor-column-gap-default\">\n\t\t\t\t\t<div class=\"elementor-column elementor-col-66 elementor-top-column elementor-element elementor-element-ee26c74 animated-slow elementor-invisible\" data-id=\"ee26c74\" data-element_type=\"column\" data-settings=\"{&quot;animation&quot;:&quot;fadeInDown&quot;}\">\n\t\t\t<div class=\"elementor-widget-wrap elementor-element-populated\">\n\t\t\t\t\t\t<div class=\"elementor-element elementor-element-2d57cdd elementor-widget elementor-widget-heading\" data-id=\"2d57cdd\" data-element_type=\"widget\" data-widget_type=\"heading.default\">\n\t\t\t\t<div class=\"elementor-widget-container\">\n\t\t\t\t\t<h2 class=\"elementor-heading-title elementor-size-default\">Visi\u00f3n<br><\/h2>\t\t\t\t<\/div>\n\t\t\t\t<\/div>\n\t\t\t\t<div class=\"elementor-element elementor-element-940229d elementor-widget elementor-widget-text-editor\" data-id=\"940229d\" data-element_type=\"widget\" data-widget_type=\"text-editor.default\">\n\t\t\t\t<div class=\"elementor-widget-container\">\n\t\t\t\t\t\t\t\t\t<p><span style=\"font-family: tahoma,sans-serif;\">Empresa reconocida como l\u00edder en ciberseguridad y protecci\u00f3n de datos en Colombia y Latinoam\u00e9rica con soluciones basadas en investigaci\u00f3n, innovaci\u00f3n y desarrollo,\u00a0<\/span><span style=\"font-family: tahoma, sans-serif; font-weight: var( --e-global-typography-text-font-weight );\">alcanzando objetivos de rentabilidad, crecimiento y sostenibilidad que contribuyan a mejorar la calidad de vida de nuestros colaboradores y socios.<\/span><\/p>\t\t\t\t\t\t\t\t<\/div>\n\t\t\t\t<\/div>\n\t\t\t\t\t<\/div>\n\t\t<\/div>\n\t\t\t\t<div class=\"elementor-column elementor-col-33 elementor-top-column elementor-element elementor-element-29472d0 animated-slow elementor-invisible\" data-id=\"29472d0\" data-element_type=\"column\" data-settings=\"{&quot;animation&quot;:&quot;fadeInUp&quot;}\">\n\t\t\t<div class=\"elementor-widget-wrap elementor-element-populated\">\n\t\t\t\t\t\t<div class=\"elementor-element elementor-element-1976898 elementor-widget elementor-widget-image\" data-id=\"1976898\" data-element_type=\"widget\" data-widget_type=\"image.default\">\n\t\t\t\t<div class=\"elementor-widget-container\">\n\t\t\t\t\t\t\t\t\t\t\t\t\t\t\t<img decoding=\"async\" width=\"640\" height=\"441\" src=\"https:\/\/www.itechsas.com\/home\/wp-content\/uploads\/2021\/05\/VISION-ITECH.jpg\" class=\"attachment-large size-large wp-image-126\" alt=\"VISI\u00d3N\" srcset=\"https:\/\/www.itechsas.com\/home\/wp-content\/uploads\/2021\/05\/VISION-ITECH.jpg 1025w, https:\/\/www.itechsas.com\/home\/wp-content\/uploads\/2021\/05\/VISION-ITECH-600x414.jpg 600w, https:\/\/www.itechsas.com\/home\/wp-content\/uploads\/2021\/05\/VISION-ITECH-300x207.jpg 300w, https:\/\/www.itechsas.com\/home\/wp-content\/uploads\/2021\/05\/VISION-ITECH-768x530.jpg 768w\" sizes=\"(max-width: 640px) 100vw, 640px\" \/>\t\t\t\t\t\t\t\t\t\t\t\t\t\t\t<\/div>\n\t\t\t\t<\/div>\n\t\t\t\t\t<\/div>\n\t\t<\/div>\n\t\t\t\t\t<\/div>\n\t\t<\/section>\n\t\t\t\t<section class=\"elementor-section elementor-top-section elementor-element elementor-element-1c46957 elementor-section-boxed elementor-section-height-default elementor-section-height-default\" data-id=\"1c46957\" data-element_type=\"section\">\n\t\t\t\t\t\t<div class=\"elementor-container elementor-column-gap-default\">\n\t\t\t\t\t<div class=\"elementor-column elementor-col-100 elementor-top-column elementor-element elementor-element-f358da5\" data-id=\"f358da5\" data-element_type=\"column\">\n\t\t\t<div class=\"elementor-widget-wrap elementor-element-populated\">\n\t\t\t\t\t\t<div class=\"elementor-element elementor-element-2b85980 elementor-widget elementor-widget-heading\" data-id=\"2b85980\" data-element_type=\"widget\" data-widget_type=\"heading.default\">\n\t\t\t\t<div class=\"elementor-widget-container\">\n\t\t\t\t\t<h2 class=\"elementor-heading-title elementor-size-default\">Nuestro equipo<\/h2>\t\t\t\t<\/div>\n\t\t\t\t<\/div>\n\t\t\t\t<div class=\"elementor-element elementor-element-ce0efab animated-slow elementor-invisible elementor-widget elementor-widget-image\" data-id=\"ce0efab\" data-element_type=\"widget\" data-settings=\"{&quot;_animation&quot;:&quot;zoomIn&quot;}\" data-widget_type=\"image.default\">\n\t\t\t\t<div class=\"elementor-widget-container\">\n\t\t\t\t\t\t\t\t\t\t\t\t\t\t\t<img decoding=\"async\" width=\"2048\" height=\"588\" src=\"https:\/\/www.itechsas.com\/home\/wp-content\/uploads\/2021\/05\/NOSOTROS-ITECH-1-scaled.jpg\" class=\"attachment-2048x2048 size-2048x2048 wp-image-247\" alt=\"NOSOTROS ITECH S.AS\" srcset=\"https:\/\/www.itechsas.com\/home\/wp-content\/uploads\/2021\/05\/NOSOTROS-ITECH-1-scaled.jpg 2560w, https:\/\/www.itechsas.com\/home\/wp-content\/uploads\/2021\/05\/NOSOTROS-ITECH-1-scaled-600x172.jpg 600w, https:\/\/www.itechsas.com\/home\/wp-content\/uploads\/2021\/05\/NOSOTROS-ITECH-1-300x86.jpg 300w, https:\/\/www.itechsas.com\/home\/wp-content\/uploads\/2021\/05\/NOSOTROS-ITECH-1-1024x294.jpg 1024w, https:\/\/www.itechsas.com\/home\/wp-content\/uploads\/2021\/05\/NOSOTROS-ITECH-1-768x220.jpg 768w\" sizes=\"(max-width: 2048px) 100vw, 2048px\" \/>\t\t\t\t\t\t\t\t\t\t\t\t\t\t\t<\/div>\n\t\t\t\t<\/div>\n\t\t\t\t\t<\/div>\n\t\t<\/div>\n\t\t\t\t\t<\/div>\n\t\t<\/section>\n\t\t\t\t<section class=\"elementor-section elementor-top-section elementor-element elementor-element-dc0639a elementor-section-boxed elementor-section-height-default elementor-section-height-default\" data-id=\"dc0639a\" data-element_type=\"section\">\n\t\t\t\t\t\t<div class=\"elementor-container elementor-column-gap-default\">\n\t\t\t\t\t<div class=\"elementor-column elementor-col-100 elementor-top-column elementor-element elementor-element-9c9df6b\" data-id=\"9c9df6b\" data-element_type=\"column\">\n\t\t\t<div class=\"elementor-widget-wrap elementor-element-populated\">\n\t\t\t\t\t\t<div class=\"elementor-element elementor-element-13bea0a elementor-widget elementor-widget-heading\" data-id=\"13bea0a\" data-element_type=\"widget\" data-widget_type=\"heading.default\">\n\t\t\t\t<div class=\"elementor-widget-container\">\n\t\t\t\t\t<h2 class=\"elementor-heading-title elementor-size-default\">Nuestros clientes<\/h2>\t\t\t\t<\/div>\n\t\t\t\t<\/div>\n\t\t\t\t\t<\/div>\n\t\t<\/div>\n\t\t\t\t\t<\/div>\n\t\t<\/section>\n\t\t\t\t<section class=\"elementor-section elementor-top-section elementor-element elementor-element-c204661 elementor-section-boxed elementor-section-height-default elementor-section-height-default\" data-id=\"c204661\" data-element_type=\"section\">\n\t\t\t\t\t\t<div class=\"elementor-container elementor-column-gap-default\">\n\t\t\t\t\t<div class=\"elementor-column elementor-col-100 elementor-top-column elementor-element elementor-element-d0eeb9f elementor-invisible\" data-id=\"d0eeb9f\" data-element_type=\"column\" data-settings=\"{&quot;animation&quot;:&quot;fadeInUp&quot;}\">\n\t\t\t<div class=\"elementor-widget-wrap elementor-element-populated\">\n\t\t\t\t\t\t<div class=\"elementor-element elementor-element-3d1d8e5 elementor-widget elementor-widget-image\" data-id=\"3d1d8e5\" data-element_type=\"widget\" data-widget_type=\"image.default\">\n\t\t\t\t<div class=\"elementor-widget-container\">\n\t\t\t\t\t\t\t\t\t\t\t\t\t\t\t<img loading=\"lazy\" decoding=\"async\" width=\"2560\" height=\"455\" src=\"https:\/\/www.itechsas.com\/home\/wp-content\/uploads\/2021\/05\/CLIENTES-TODOS_Mesa-de-trabajo-1-scaled.jpg\" class=\"attachment-full size-full wp-image-359\" alt=\"CLIENTES ITECH S.A.S\" srcset=\"https:\/\/www.itechsas.com\/home\/wp-content\/uploads\/2021\/05\/CLIENTES-TODOS_Mesa-de-trabajo-1-scaled.jpg 2560w, https:\/\/www.itechsas.com\/home\/wp-content\/uploads\/2021\/05\/CLIENTES-TODOS_Mesa-de-trabajo-1-scaled-600x107.jpg 600w, https:\/\/www.itechsas.com\/home\/wp-content\/uploads\/2021\/05\/CLIENTES-TODOS_Mesa-de-trabajo-1-300x53.jpg 300w, https:\/\/www.itechsas.com\/home\/wp-content\/uploads\/2021\/05\/CLIENTES-TODOS_Mesa-de-trabajo-1-1024x182.jpg 1024w, https:\/\/www.itechsas.com\/home\/wp-content\/uploads\/2021\/05\/CLIENTES-TODOS_Mesa-de-trabajo-1-768x137.jpg 768w, https:\/\/www.itechsas.com\/home\/wp-content\/uploads\/2021\/05\/CLIENTES-TODOS_Mesa-de-trabajo-1-1536x273.jpg 1536w, https:\/\/www.itechsas.com\/home\/wp-content\/uploads\/2021\/05\/CLIENTES-TODOS_Mesa-de-trabajo-1-2048x364.jpg 2048w\" sizes=\"(max-width: 2560px) 100vw, 2560px\" \/>\t\t\t\t\t\t\t\t\t\t\t\t\t\t\t<\/div>\n\t\t\t\t<\/div>\n\t\t\t\t\t<\/div>\n\t\t<\/div>\n\t\t\t\t\t<\/div>\n\t\t<\/section>\n\t\t\t\t<section class=\"elementor-section elementor-top-section elementor-element elementor-element-42f30ca elementor-section-boxed elementor-section-height-default elementor-section-height-default\" data-id=\"42f30ca\" data-element_type=\"section\">\n\t\t\t\t\t\t<div class=\"elementor-container elementor-column-gap-default\">\n\t\t\t\t\t<div class=\"elementor-column elementor-col-100 elementor-top-column elementor-element elementor-element-e87f384\" data-id=\"e87f384\" data-element_type=\"column\">\n\t\t\t<div class=\"elementor-widget-wrap elementor-element-populated\">\n\t\t\t\t\t\t<div class=\"elementor-element elementor-element-5e65e5e elementor-invisible elementor-widget elementor-widget-image\" data-id=\"5e65e5e\" data-element_type=\"widget\" data-settings=\"{&quot;_animation&quot;:&quot;fadeInUp&quot;}\" data-widget_type=\"image.default\">\n\t\t\t\t<div class=\"elementor-widget-container\">\n\t\t\t\t\t\t\t\t\t\t\t\t\t\t\t<img loading=\"lazy\" decoding=\"async\" width=\"2560\" height=\"1388\" src=\"https:\/\/www.itechsas.com\/home\/wp-content\/uploads\/2021\/05\/certificaciones_Mesa-de-trabajo-1-3-scaled.jpg\" class=\"attachment-full size-full wp-image-468\" alt=\"Certificaciones ITECH S.A.S\" srcset=\"https:\/\/www.itechsas.com\/home\/wp-content\/uploads\/2021\/05\/certificaciones_Mesa-de-trabajo-1-3-scaled.jpg 2560w, https:\/\/www.itechsas.com\/home\/wp-content\/uploads\/2021\/05\/certificaciones_Mesa-de-trabajo-1-3-300x163.jpg 300w, https:\/\/www.itechsas.com\/home\/wp-content\/uploads\/2021\/05\/certificaciones_Mesa-de-trabajo-1-3-1024x555.jpg 1024w, https:\/\/www.itechsas.com\/home\/wp-content\/uploads\/2021\/05\/certificaciones_Mesa-de-trabajo-1-3-768x416.jpg 768w, https:\/\/www.itechsas.com\/home\/wp-content\/uploads\/2021\/05\/certificaciones_Mesa-de-trabajo-1-3-1536x833.jpg 1536w, https:\/\/www.itechsas.com\/home\/wp-content\/uploads\/2021\/05\/certificaciones_Mesa-de-trabajo-1-3-2048x1110.jpg 2048w, https:\/\/www.itechsas.com\/home\/wp-content\/uploads\/2021\/05\/certificaciones_Mesa-de-trabajo-1-3-600x325.jpg 600w\" sizes=\"(max-width: 2560px) 100vw, 2560px\" \/>\t\t\t\t\t\t\t\t\t\t\t\t\t\t\t<\/div>\n\t\t\t\t<\/div>\n\t\t\t\t\t<\/div>\n\t\t<\/div>\n\t\t\t\t\t<\/div>\n\t\t<\/section>\n\t\t\t\t<\/div>\n\t\t","protected":false},"excerpt":{"rendered":"<p>Misi\u00f3n Lograr en nuestros clientes altos niveles de tranquilidad, confianza y satisfacci\u00f3n con soluciones integrales de ciberseguridad y protecci\u00f3n de datos, que incluyen servicios especializados,\u00a0software de ultima tecnolog\u00eda, capacitaci\u00f3n, soporte y desarrollos propios que\u00a0 reducen los costos de implementaci\u00f3n, garantizando una excelente calidad.\u00a0 Visi\u00f3n Empresa reconocida como l\u00edder en ciberseguridad y protecci\u00f3n de datos en [&hellip;]<\/p>\n","protected":false},"author":1,"featured_media":0,"parent":0,"menu_order":3,"comment_status":"closed","ping_status":"closed","template":"","meta":{"content-type":"","footnotes":""},"class_list":["post-59","page","type-page","status-publish","hentry"],"_links":{"self":[{"href":"https:\/\/www.itechsas.com\/home\/wp-json\/wp\/v2\/pages\/59","targetHints":{"allow":["GET"]}}],"collection":[{"href":"https:\/\/www.itechsas.com\/home\/wp-json\/wp\/v2\/pages"}],"about":[{"href":"https:\/\/www.itechsas.com\/home\/wp-json\/wp\/v2\/types\/page"}],"author":[{"embeddable":true,"href":"https:\/\/www.itechsas.com\/home\/wp-json\/wp\/v2\/users\/1"}],"replies":[{"embeddable":true,"href":"https:\/\/www.itechsas.com\/home\/wp-json\/wp\/v2\/comments?post=59"}],"version-history":[{"count":59,"href":"https:\/\/www.itechsas.com\/home\/wp-json\/wp\/v2\/pages\/59\/revisions"}],"predecessor-version":[{"id":757,"href":"https:\/\/www.itechsas.com\/home\/wp-json\/wp\/v2\/pages\/59\/revisions\/757"}],"wp:attachment":[{"href":"https:\/\/www.itechsas.com\/home\/wp-json\/wp\/v2\/media?parent=59"}],"curies":[{"name":"wp","href":"https:\/\/api.w.org\/{rel}","templated":true}]}}