{"id":61,"date":"2015-09-25T13:56:01","date_gmt":"2015-09-25T13:56:01","guid":{"rendered":"https:\/\/www.itechsas.com\/home\/soluciones\/"},"modified":"2015-09-25T13:56:01","modified_gmt":"2015-09-25T13:56:01","slug":"soluciones","status":"publish","type":"page","link":"https:\/\/www.itechsas.com\/home\/soluciones\/","title":{"rendered":"Soluciones"},"content":{"rendered":"<h1 style=\"text-align: center;\">Soluciones Especializadas en Seguridad<br \/>inform\u00e1tica y Protecci\u00f3n de Datos<\/h1>\n<h3 style=\"text-align: center;\">Soluciones Especializadas\u00a0 basadas en el Modelo Seguridad en Profundidad:<\/h3>\n<div class=\"container-fluit\" style=\"padding: 10px; margin: 50px;\">\n<div class=\"row\" style=\"text-align: justify;\">\u00a0<\/div>\n<div class=\"row\">\n<div class=\"span4\" style=\"text-align: justify;\">\n<div class=\"thumbnail\"><img decoding=\"async\" src=\"images\/productos\/websegura.jpg\" alt=\"\" width=\"242\" \/> <\/p>\n<div class=\"caption\">\n<h3>Web Segura<\/h3>\n<p style=\"text-align: justify;\">Gestion TOTAL de seguridad en la nube solucion Integral web(Analisis de riesgo y vulnerabilidades, Busqueda de vectores de ataque, Evaluacion del codigo del sitio, monitoreo 7&#215;24 contra ataques, Aseguramiento de la plataforma, remediacion de HUECOS de seguridad, Hosting seguro, Aseguramiento del servidor, TIP&#8217;S para construccion del marco legal web).<\/p>\n<p><!--\n\n<p style=\"text-align: center;\"><a class=\"btn btn-primary\" target=\"_blank\" rel=\"noopener noreferrer\">ver mas<\/a> <\/p>\n\n--><\/p>\n<\/p><\/div>\n<\/p><\/div>\n<\/p><\/div>\n<div class=\"span4\" style=\"text-align: justify;\">\n<div class=\"thumbnail\"><img decoding=\"async\" src=\"images\/productos\/iso.jpg\" alt=\"\" width=\"242\" \/> <\/p>\n<div class=\"caption\">\n<h3>Preventy Ley 1581<\/h3>\n<p style=\"text-align: justify;\">Soluci\u00f3n de Asesor\u00eda en Seguridad de la Informaci\u00f3n y Protecci\u00f3n de Datos para Mi Pymes, orientado a empresas que desean iniciar un proceso de ASEGURAMIENTO general de Tecnolog\u00edas de Informaci\u00f3n en la empresa, cuando no se conoce la situaci\u00f3n real de seguridad en la Organizaci\u00f3n en tema de Protecci\u00f3n de Datos.<\/p>\n<p> <!--\n\n<p style=\"text-align: center;\"><a class=\"btn btn-primary\" target=\"_blank\" rel=\"noopener noreferrer\">ver mas<\/a> <\/p>\n\n--><\/div>\n<\/p><\/div>\n<\/p><\/div>\n<p> <!--\n\n<div class=\"span4\"> \n\n<div class=\"thumbnail\"><img decoding=\"async\" src=\"images\/productos\/web.jpg\" alt=\"\" width=\"242\" \/> \n\n<div class=\"caption\"> \n\n<h3 style=\"text-align: justify;\">Itech Web 365<\/h3>\n\n \n\n<p style=\"text-align: justify;\">Es un servicio de Pagina Web Empresarial hospedado en los Datacenters de Microsoft que incluye servicios como: correo electr\u00f3nico, calendario compartido, chat, mensajer\u00eda instant\u00e1nea, videoconferencia, uso compartido de archivos y las conocidas aplicaciones de escritorio de Microsoft Office.Se ha dise\u00f1ado para trabajar con Office.<\/p>\n\n <br \/> <!--\n\n<p style=\"text-align: center;\"><a class=\"btn btn-primary\" target=\"_blank\" rel=\"noopener noreferrer\">ver mas<\/a> <\/p>\n\n<\/div>\n\n <\/div>\n\n --><\/div>\n<\/p><\/div>\n","protected":false},"excerpt":{"rendered":"<p>Soluciones Especializadas en Seguridadinform\u00e1tica y Protecci\u00f3n de Datos Soluciones Especializadas\u00a0 basadas en el Modelo Seguridad en Profundidad: \u00a0 Web Segura Gestion TOTAL de seguridad en la nube solucion Integral web(Analisis de riesgo y vulnerabilidades, Busqueda de vectores de ataque, Evaluacion del codigo del sitio, monitoreo 7&#215;24 contra ataques, Aseguramiento de la plataforma, remediacion de HUECOS [&hellip;]<\/p>\n","protected":false},"author":1,"featured_media":0,"parent":0,"menu_order":1,"comment_status":"closed","ping_status":"closed","template":"","meta":{"content-type":"","footnotes":""},"class_list":["post-61","page","type-page","status-publish","hentry"],"_links":{"self":[{"href":"https:\/\/www.itechsas.com\/home\/wp-json\/wp\/v2\/pages\/61","targetHints":{"allow":["GET"]}}],"collection":[{"href":"https:\/\/www.itechsas.com\/home\/wp-json\/wp\/v2\/pages"}],"about":[{"href":"https:\/\/www.itechsas.com\/home\/wp-json\/wp\/v2\/types\/page"}],"author":[{"embeddable":true,"href":"https:\/\/www.itechsas.com\/home\/wp-json\/wp\/v2\/users\/1"}],"replies":[{"embeddable":true,"href":"https:\/\/www.itechsas.com\/home\/wp-json\/wp\/v2\/comments?post=61"}],"version-history":[{"count":0,"href":"https:\/\/www.itechsas.com\/home\/wp-json\/wp\/v2\/pages\/61\/revisions"}],"wp:attachment":[{"href":"https:\/\/www.itechsas.com\/home\/wp-json\/wp\/v2\/media?parent=61"}],"curies":[{"name":"wp","href":"https:\/\/api.w.org\/{rel}","templated":true}]}}