{"id":485,"date":"2021-05-11T23:38:11","date_gmt":"2021-05-11T23:38:11","guid":{"rendered":"https:\/\/www.itechsas.com\/home\/?post_type=product&#038;p=485"},"modified":"2021-10-03T19:14:40","modified_gmt":"2021-10-03T19:14:40","slug":"prodati","status":"publish","type":"product","link":"https:\/\/www.itechsas.com\/home\/product\/prodati\/","title":{"rendered":"SOLUCION PRODATI"},"content":{"rendered":"<p>Es la soluci\u00f3n integral de <strong>Protecci\u00f3n de datos personales y ciberseguridad<\/strong> que re\u00fane todos los aspectos requeridos para el cumplimiento de la Ley de protecci\u00f3n de datos personales de forma f\u00e1cil y pr\u00e1ctica, la cual incluye:<\/p>\n<ul>\n<li>Diagn\u00f3stico de los procesos y actividades del personal.<\/li>\n<li>Identificaci\u00f3n, Clasificaci\u00f3n y Depuraci\u00f3n de las bases de datos f\u00edsicas y digitales.<\/li>\n<li>Revisi\u00f3n y dise\u00f1o de la documentaci\u00f3n, formatos y pol\u00edticas necesarios para el cumplimiento normativo.<\/li>\n<li>Identificaci\u00f3n y an\u00e1lisis de vulnerabilidades en equipos, servidores y p\u00e1ina web.<\/li>\n<li>Evaluaci\u00f3n del riesgo en la captaci\u00f3n, tratamiento y flujo de los datos personales.<\/li>\n<li>Valoraci\u00f3n del nivel de riesgo de los activos inform\u00e1ticos que transportan, procesan y almacenan la informaci\u00f3n y los datos personales en la organizaci\u00f3n.<\/li>\n<li>Capacitaci\u00f3n y concientizaci\u00f3n al personal en protecci\u00f3n de datos y seguridad de la informaci\u00f3n.<\/li>\n<li>Alineaci\u00f3n con el sistema de gesti\u00f3n de seguridad de la informaci\u00f3n (SGSI \u2013 ISO 27001).<\/li>\n<li>Software propio para facilitar las actividades, documentaci\u00f3n e informes de gesti\u00f3n.<\/li>\n<\/ul>\n<p>&nbsp;<\/p>\n<p>Nuestros clientes han reducido sus costos de implementaci\u00f3n en m\u00e1s de un <strong>50%<\/strong>, adem\u00e1s de mejorar su postura de ciberseguridad se previenen incidentes, ataques inform\u00e1ticos y sanciones legales.<\/p>\n<p>&nbsp;<\/p>\n<p><a href=\"https:\/\/www.itechsas.com\/home\/wp-content\/uploads\/2021\/07\/PRESENTACION-SOLUCION-PRODATI-.pdf\" target=\"_blank\" rel=\"noopener\">Descargar detalles del producto<\/a><\/p>\n<h4 style=\"text-align: center;\">[ <a href=\"https:\/\/forms.gle\/GkFPWdpHqFvW4uab6\" target=\"_blank\" rel=\"noopener\">QUIERO PROBARLO<\/a> ]<\/h4>\n<p>&nbsp;<\/p>\n","protected":false},"excerpt":{"rendered":"<p>Es la soluci\u00f3n integral de <strong>Protecci\u00f3n de datos personales y ciberseguridad<\/strong> que re\u00fane todos los aspectos requeridos para el cumplimiento de la ley de protecci\u00f3n de datos personales, <strong>detectar vulnerabilidades y riesgos<\/strong>, mejorar los niveles de <strong>seguridad Informatica<\/strong>, alinearse al est\u00e1ndar <strong>ISO 27001<\/strong> y ayudar en el proceso de <strong>capacitaci\u00f3n y concientizaci\u00f3n<\/strong> del personal.<\/p>\n<p>Nuestros clientes han reducido sus costos de implementaci\u00f3n en m\u00e1s de un <strong>50%<\/strong>, adem\u00e1s de mejorar su postura de ciberseguridad se previenen de incidentes, ataques inform\u00e1ticos y sanciones legales.<\/p>\n<p>&nbsp;<\/p>\n","protected":false},"featured_media":370,"comment_status":"closed","ping_status":"closed","template":"","meta":{"content-type":""},"product_brand":[],"product_cat":[23],"product_tag":[],"class_list":{"0":"post-485","1":"product","2":"type-product","3":"status-publish","4":"has-post-thumbnail","6":"product_cat-servicios-de-ciberseguridad","8":"first","9":"instock","10":"shipping-taxable","11":"product-type-simple"},"_links":{"self":[{"href":"https:\/\/www.itechsas.com\/home\/wp-json\/wp\/v2\/product\/485","targetHints":{"allow":["GET"]}}],"collection":[{"href":"https:\/\/www.itechsas.com\/home\/wp-json\/wp\/v2\/product"}],"about":[{"href":"https:\/\/www.itechsas.com\/home\/wp-json\/wp\/v2\/types\/product"}],"replies":[{"embeddable":true,"href":"https:\/\/www.itechsas.com\/home\/wp-json\/wp\/v2\/comments?post=485"}],"wp:featuredmedia":[{"embeddable":true,"href":"https:\/\/www.itechsas.com\/home\/wp-json\/wp\/v2\/media\/370"}],"wp:attachment":[{"href":"https:\/\/www.itechsas.com\/home\/wp-json\/wp\/v2\/media?parent=485"}],"wp:term":[{"taxonomy":"product_brand","embeddable":true,"href":"https:\/\/www.itechsas.com\/home\/wp-json\/wp\/v2\/product_brand?post=485"},{"taxonomy":"product_cat","embeddable":true,"href":"https:\/\/www.itechsas.com\/home\/wp-json\/wp\/v2\/product_cat?post=485"},{"taxonomy":"product_tag","embeddable":true,"href":"https:\/\/www.itechsas.com\/home\/wp-json\/wp\/v2\/product_tag?post=485"}],"curies":[{"name":"wp","href":"https:\/\/api.w.org\/{rel}","templated":true}]}}