{"id":488,"date":"2021-05-11T23:41:53","date_gmt":"2021-05-11T23:41:53","guid":{"rendered":"https:\/\/www.itechsas.com\/home\/?post_type=product&#038;p=488"},"modified":"2021-07-05T21:21:40","modified_gmt":"2021-07-05T21:21:40","slug":"eset-endpoint-protection-enterprise","status":"publish","type":"product","link":"https:\/\/www.itechsas.com\/home\/product\/eset-endpoint-protection-enterprise\/","title":{"rendered":"ESET SAFETICA DLP"},"content":{"rendered":"<p>Protecci\u00f3n completa que evita la fuga de datos, monitorea p\u00e9rdida de tiempo y reduce gastos adicionales de personal. Safetica es una soluci\u00f3n integral para la prevenci\u00f3n de la fuga de datos (DLP) accidentales o intencionales, malas intenciones del personal interno, problemas de productividad, riesgos de implementaci\u00f3n de pol\u00edticas BYOD (llevar el dispositivo personal al trabajo), entre otros problemas.<\/p>\n<p><iframe title=\"Conozca c\u00f3mo Safetica DLP puede proteger su negocio\" width=\"640\" height=\"360\" src=\"https:\/\/www.youtube.com\/embed\/TwhpFsBDs5U?list=PLGupYdknMJl2uXPYupcJAnMT7jSvyCIuw\" frameborder=\"0\" allow=\"accelerometer; autoplay; clipboard-write; encrypted-media; gyroscope; picture-in-picture; web-share\" referrerpolicy=\"strict-origin-when-cross-origin\" allowfullscreen><\/iframe><\/p>\n<p><a href=\"https:\/\/www.eset.com\/fileadmin\/ESET\/LATAM\/Overviews\/Empresas\/Safetica-Product-Overview.pdf\" target=\"_blank\" rel=\"noopener\">Descargar detalles del producto<\/a><\/p>\n<h4 style=\"text-align: center;\">[ <a href=\"https:\/\/forms.gle\/RhXv4MNWkoMEr51J7\" target=\"_blank\" rel=\"noopener\"><span style=\"color: #0000ff;\">QUIERO PROBARLO<\/span><\/a> ]<\/h4>\n<p>&nbsp;<\/p>\n<hr \/>\n<p>&nbsp;<\/p>\n<p>&nbsp;<\/p>\n","protected":false},"excerpt":{"rendered":"<p>Protecci\u00f3n completa que evita la fuga de datos, monitorea p\u00e9rdida de tiempo y reduce gastos adicionales de personal.<\/p>\n","protected":false},"featured_media":593,"comment_status":"closed","ping_status":"closed","template":"","meta":{"content-type":""},"product_brand":[],"product_cat":[24],"product_tag":[],"class_list":{"0":"post-488","1":"product","2":"type-product","3":"status-publish","4":"has-post-thumbnail","6":"product_cat-productos-de-ciberseguridad","8":"first","9":"instock","10":"shipping-taxable","11":"product-type-simple"},"_links":{"self":[{"href":"https:\/\/www.itechsas.com\/home\/wp-json\/wp\/v2\/product\/488","targetHints":{"allow":["GET"]}}],"collection":[{"href":"https:\/\/www.itechsas.com\/home\/wp-json\/wp\/v2\/product"}],"about":[{"href":"https:\/\/www.itechsas.com\/home\/wp-json\/wp\/v2\/types\/product"}],"replies":[{"embeddable":true,"href":"https:\/\/www.itechsas.com\/home\/wp-json\/wp\/v2\/comments?post=488"}],"wp:featuredmedia":[{"embeddable":true,"href":"https:\/\/www.itechsas.com\/home\/wp-json\/wp\/v2\/media\/593"}],"wp:attachment":[{"href":"https:\/\/www.itechsas.com\/home\/wp-json\/wp\/v2\/media?parent=488"}],"wp:term":[{"taxonomy":"product_brand","embeddable":true,"href":"https:\/\/www.itechsas.com\/home\/wp-json\/wp\/v2\/product_brand?post=488"},{"taxonomy":"product_cat","embeddable":true,"href":"https:\/\/www.itechsas.com\/home\/wp-json\/wp\/v2\/product_cat?post=488"},{"taxonomy":"product_tag","embeddable":true,"href":"https:\/\/www.itechsas.com\/home\/wp-json\/wp\/v2\/product_tag?post=488"}],"curies":[{"name":"wp","href":"https:\/\/api.w.org\/{rel}","templated":true}]}}