{"id":489,"date":"2021-05-11T23:42:29","date_gmt":"2021-05-11T23:42:29","guid":{"rendered":"https:\/\/www.itechsas.com\/home\/?post_type=product&#038;p=489"},"modified":"2021-07-05T21:15:57","modified_gmt":"2021-07-05T21:15:57","slug":"eset-endpoint-protection-business","status":"publish","type":"product","link":"https:\/\/www.itechsas.com\/home\/product\/eset-endpoint-protection-business\/","title":{"rendered":"ESET FULL ENCRYPTION"},"content":{"rendered":"<p>Soluci\u00f3n de cifrado independiente y f\u00e1cil de usar que proporciona un control remoto completo de las claves de endpoints y la pol\u00edtica de seguridad para archivos en discos duros, dispositivos port\u00e1tiles y correos.<\/p>\n<p>ESET Full Disk Encryption cifra discos del sistema, particiones o unidades completas.<\/p>\n<p><iframe title=\"ESET Endpoint Encryption\" width=\"640\" height=\"360\" src=\"https:\/\/www.youtube.com\/embed\/JtBeaOSvif8?list=PLGupYdknMJl2uXPYupcJAnMT7jSvyCIuw\" frameborder=\"0\" allow=\"accelerometer; autoplay; clipboard-write; encrypted-media; gyroscope; picture-in-picture; web-share\" referrerpolicy=\"strict-origin-when-cross-origin\" allowfullscreen><\/iframe><\/p>\n<p><a href=\"https:\/\/www.eset.com\/fileadmin\/ESET\/LATAM\/Overviews\/Empresas\/V7\/ESET-Endpoint-Encryption-Overview.pdf\" target=\"_blank\" rel=\"noopener\">Descargar detalles del producto<\/a><\/p>\n<h4 style=\"text-align: center;\">[ <a href=\"https:\/\/forms.gle\/RhXv4MNWkoMEr51J7\" target=\"_blank\" rel=\"noopener\"><span style=\"color: #0000ff;\">QUIERO PROBARLO<\/span><\/a> ]<\/h4>\n<p>&nbsp;<\/p>\n<hr \/>\n<p>&nbsp;<\/p>\n","protected":false},"excerpt":{"rendered":"<p>Soluci\u00f3n de cifrado para archivos en discos duros, dispositivos port\u00e1tiles y correos. Cifrado de discos del sistema, particiones o unidades completas.<\/p>\n","protected":false},"featured_media":595,"comment_status":"closed","ping_status":"closed","template":"","meta":{"content-type":""},"product_brand":[],"product_cat":[24],"product_tag":[],"class_list":{"0":"post-489","1":"product","2":"type-product","3":"status-publish","4":"has-post-thumbnail","6":"product_cat-productos-de-ciberseguridad","8":"first","9":"instock","10":"shipping-taxable","11":"product-type-simple"},"_links":{"self":[{"href":"https:\/\/www.itechsas.com\/home\/wp-json\/wp\/v2\/product\/489","targetHints":{"allow":["GET"]}}],"collection":[{"href":"https:\/\/www.itechsas.com\/home\/wp-json\/wp\/v2\/product"}],"about":[{"href":"https:\/\/www.itechsas.com\/home\/wp-json\/wp\/v2\/types\/product"}],"replies":[{"embeddable":true,"href":"https:\/\/www.itechsas.com\/home\/wp-json\/wp\/v2\/comments?post=489"}],"wp:featuredmedia":[{"embeddable":true,"href":"https:\/\/www.itechsas.com\/home\/wp-json\/wp\/v2\/media\/595"}],"wp:attachment":[{"href":"https:\/\/www.itechsas.com\/home\/wp-json\/wp\/v2\/media?parent=489"}],"wp:term":[{"taxonomy":"product_brand","embeddable":true,"href":"https:\/\/www.itechsas.com\/home\/wp-json\/wp\/v2\/product_brand?post=489"},{"taxonomy":"product_cat","embeddable":true,"href":"https:\/\/www.itechsas.com\/home\/wp-json\/wp\/v2\/product_cat?post=489"},{"taxonomy":"product_tag","embeddable":true,"href":"https:\/\/www.itechsas.com\/home\/wp-json\/wp\/v2\/product_tag?post=489"}],"curies":[{"name":"wp","href":"https:\/\/api.w.org\/{rel}","templated":true}]}}