{"id":490,"date":"2021-05-11T23:43:20","date_gmt":"2021-05-11T23:43:20","guid":{"rendered":"https:\/\/www.itechsas.com\/home\/?post_type=product&#038;p=490"},"modified":"2021-08-30T22:17:54","modified_gmt":"2021-08-30T22:17:54","slug":"eset-sandbox-edr","status":"publish","type":"product","link":"https:\/\/www.itechsas.com\/home\/product\/eset-sandbox-edr\/","title":{"rendered":"ESET SANDBOX Y EDR"},"content":{"rendered":"<p><strong>ESET Dynamic Threat Defense<\/strong> es una capa de seguridad adicional que incorpora la tecnolog\u00eda de sandboxing basado en la nube para detectar amenazas nunca antes vistas o de d\u00eda cero. Incorpora an\u00e1lisis est\u00e1tico del c\u00f3digo, inspecci\u00f3n detallada de la muestra con aprendizaje autom\u00e1tico, an\u00e1lisis de la memoria y detecci\u00f3n basada en el comportamiento.<\/p>\n<p><strong>ESET Enterprise Inspector<\/strong> es una herramienta sofisticada de detecci\u00f3n y respuesta para endpoints que permite la identificaci\u00f3n de comportamientos an\u00f3malos y violaciones de pol\u00edticas, la evaluaci\u00f3n de riesgos, la respuesta a incidentes, la investigaci\u00f3n y la remediaci\u00f3n. Monitorea y eval\u00faa todas las actividades que se llevan a cabo en la red (por ejemplo, usuario, archivo, proceso, registro, memoria y eventos de red) en tiempo real y le permite tomar medidas inmediatas de ser necesario.<\/p>\n<p><iframe title=\"Soluci\u00f3n de seguridad inform\u00e1tcia avanzada ESET Protect\" width=\"640\" height=\"360\" src=\"https:\/\/www.youtube.com\/embed\/S89R86cmnZ0?list=PLGupYdknMJl2uXPYupcJAnMT7jSvyCIuw\" frameborder=\"0\" allow=\"accelerometer; autoplay; clipboard-write; encrypted-media; gyroscope; picture-in-picture; web-share\" referrerpolicy=\"strict-origin-when-cross-origin\" allowfullscreen><\/iframe><\/p>\n<p><a href=\"https:\/\/www.eset.com\/fileadmin\/ESET\/LATAM\/Overviews\/smb-offering\/ESET-Dynamic-Threat-Defense-Overview.pdf\" target=\"_blank\" rel=\"noopener\">Descargar detalles del producto Dynamic<\/a><\/p>\n<p><a href=\"https:\/\/www.eset.com\/fileadmin\/ESET\/LATAM\/Overviews\/smb-offering\/ESET-Enterprise-Inspector-Overview.pdf\" target=\"_blank\" rel=\"noopener\">Descargar detalles del producto EDR<\/a><\/p>\n<h4 style=\"text-align: center;\"><span style=\"color: #00ccff;\">[ <span style=\"color: #3366ff;\"><a style=\"color: #3366ff;\" href=\"https:\/\/forms.gle\/RhXv4MNWkoMEr51J7\" target=\"_blank\" rel=\"noopener\">QUIERO PROBARLO<\/a><\/span> ]<\/span><\/h4>\n<p>&nbsp;<\/p>\n<hr \/>\n<p>&nbsp;<\/p>\n","protected":false},"excerpt":{"rendered":"<p>An\u00e1lisis de amenazas aislado o sandboxing en la nube y Endpoint Detection &amp; Response (EDR) son herramientas sofisticada para la identificaci\u00f3n de amenazas, an\u00e1lisis de infracciones y comportamientos an\u00f3malos, evaluaci\u00f3n de riesgos, respuesta a incidentes, investigaciones y remediaci\u00f3n.<\/p>\n","protected":false},"featured_media":601,"comment_status":"closed","ping_status":"closed","template":"","meta":{"content-type":""},"product_brand":[],"product_cat":[24],"product_tag":[],"class_list":{"0":"post-490","1":"product","2":"type-product","3":"status-publish","4":"has-post-thumbnail","6":"product_cat-productos-de-ciberseguridad","8":"first","9":"instock","10":"shipping-taxable","11":"product-type-simple"},"_links":{"self":[{"href":"https:\/\/www.itechsas.com\/home\/wp-json\/wp\/v2\/product\/490","targetHints":{"allow":["GET"]}}],"collection":[{"href":"https:\/\/www.itechsas.com\/home\/wp-json\/wp\/v2\/product"}],"about":[{"href":"https:\/\/www.itechsas.com\/home\/wp-json\/wp\/v2\/types\/product"}],"replies":[{"embeddable":true,"href":"https:\/\/www.itechsas.com\/home\/wp-json\/wp\/v2\/comments?post=490"}],"wp:featuredmedia":[{"embeddable":true,"href":"https:\/\/www.itechsas.com\/home\/wp-json\/wp\/v2\/media\/601"}],"wp:attachment":[{"href":"https:\/\/www.itechsas.com\/home\/wp-json\/wp\/v2\/media?parent=490"}],"wp:term":[{"taxonomy":"product_brand","embeddable":true,"href":"https:\/\/www.itechsas.com\/home\/wp-json\/wp\/v2\/product_brand?post=490"},{"taxonomy":"product_cat","embeddable":true,"href":"https:\/\/www.itechsas.com\/home\/wp-json\/wp\/v2\/product_cat?post=490"},{"taxonomy":"product_tag","embeddable":true,"href":"https:\/\/www.itechsas.com\/home\/wp-json\/wp\/v2\/product_tag?post=490"}],"curies":[{"name":"wp","href":"https:\/\/api.w.org\/{rel}","templated":true}]}}