{"id":491,"date":"2021-05-11T23:44:05","date_gmt":"2021-05-11T23:44:05","guid":{"rendered":"https:\/\/www.itechsas.com\/home\/?post_type=product&#038;p=491"},"modified":"2021-08-30T23:07:45","modified_gmt":"2021-08-30T23:07:45","slug":"sophos-central-intercept-x","status":"publish","type":"product","link":"https:\/\/www.itechsas.com\/home\/product\/sophos-central-intercept-x\/","title":{"rendered":"SOPHOS INTERCEPT X"},"content":{"rendered":"<p>La seguridad Avanzada para endpoints de Intercept X se integra con Sophos Central para que pueda acceder a la seguridad de sus endpoints y gestionarla est\u00e9 donde est\u00e9 y en cualquier momento. Ya no tendr\u00e1 que invertir m\u00e1s en infraestructura ni mantener servidores locales. Sincronice la seguridad de sus endpoints y su firewall. Se beneficiar\u00e1 de una mejor protecci\u00f3n contra amenazas avanzadas y dedicar\u00e1 menos tiempo a responder a incidentes.<\/p>\n<p><iframe title=\"Sophos Intercept X Advanced\" width=\"640\" height=\"360\" src=\"https:\/\/www.youtube.com\/embed\/p1NtZpLtDzg?feature=oembed\" frameborder=\"0\" allow=\"accelerometer; autoplay; clipboard-write; encrypted-media; gyroscope; picture-in-picture; web-share\" referrerpolicy=\"strict-origin-when-cross-origin\" allowfullscreen><\/iframe><\/p>\n<p><a href=\"https:\/\/www.sophos.com\/es-es\/medialibrary\/PDFs\/factsheets\/sophos-intercept-x-dsna.pdf\" target=\"_blank\" rel=\"noopener\">Descarga detalles del producto<\/a><\/p>\n<p><strong>SOPHOS Intercept X con EDR: <\/strong>dise\u00f1ado tanto para las operaciones de seguridad TI como para la b\u00fasqueda de amenazas, detecta e investiga la actividad sospechosa con un an\u00e1lisis basado en IA, a\u00f1adiendo experiencia, no personal, al replicar las habilidades de analistas de seguridad dif\u00edciles de encontrar.<strong><br \/>\n<\/strong><\/p>\n<p><iframe title=\"Sophos Intercept X con EDR\" width=\"640\" height=\"360\" src=\"https:\/\/www.youtube.com\/embed\/T9hHRKJXQXQ?feature=oembed\" frameborder=\"0\" allow=\"accelerometer; autoplay; clipboard-write; encrypted-media; gyroscope; picture-in-picture; web-share\" referrerpolicy=\"strict-origin-when-cross-origin\" allowfullscreen><\/iframe><\/p>\n<p><strong>Conoce como funciona el EDR de SOPHOS:<\/strong><\/p>\n<p><iframe title=\"Como funciona SOPHOS con EDR\" width=\"640\" height=\"360\" src=\"https:\/\/www.youtube.com\/embed\/9rctHTprcVI?feature=oembed\" frameborder=\"0\" allow=\"accelerometer; autoplay; clipboard-write; encrypted-media; gyroscope; picture-in-picture; web-share\" referrerpolicy=\"strict-origin-when-cross-origin\" allowfullscreen><\/iframe><\/p>\n<p><a href=\"https:\/\/www.sophos.com\/es-es\/medialibrary\/PDFs\/factsheets\/intercept-x-edr.pdf\" target=\"_blank\" rel=\"noopener\">Descarga detalles del producto<\/a><\/p>\n<p>&nbsp;<\/p>\n<h4 style=\"text-align: center;\">[ <span style=\"color: #0000ff;\"><a style=\"color: #0000ff;\" href=\"https:\/\/forms.gle\/nnkZopGqwURgBAAJ9\" target=\"_blank\" rel=\"noopener\">QUIERO PROBARLO<\/a><\/span> ]<\/h4>\n<p>&nbsp;<\/p>\n<hr \/>\n<p>&nbsp;<\/p>\n","protected":false},"excerpt":{"rendered":"<p>La seguridad para endpoints del antivirus Intercept X se integra con Sophos Central en la nube para que pueda acceder a la seguridad de sus endpoints (equipos y servidores) y gestionarla desde cualquier parte. Sincronice la seguridad de sus endpoints y su firewall XG desde un punto central.<\/p>\n","protected":false},"featured_media":464,"comment_status":"closed","ping_status":"closed","template":"","meta":{"content-type":""},"product_brand":[],"product_cat":[24],"product_tag":[],"class_list":{"0":"post-491","1":"product","2":"type-product","3":"status-publish","4":"has-post-thumbnail","6":"product_cat-productos-de-ciberseguridad","8":"first","9":"instock","10":"shipping-taxable","11":"product-type-simple"},"_links":{"self":[{"href":"https:\/\/www.itechsas.com\/home\/wp-json\/wp\/v2\/product\/491","targetHints":{"allow":["GET"]}}],"collection":[{"href":"https:\/\/www.itechsas.com\/home\/wp-json\/wp\/v2\/product"}],"about":[{"href":"https:\/\/www.itechsas.com\/home\/wp-json\/wp\/v2\/types\/product"}],"replies":[{"embeddable":true,"href":"https:\/\/www.itechsas.com\/home\/wp-json\/wp\/v2\/comments?post=491"}],"wp:featuredmedia":[{"embeddable":true,"href":"https:\/\/www.itechsas.com\/home\/wp-json\/wp\/v2\/media\/464"}],"wp:attachment":[{"href":"https:\/\/www.itechsas.com\/home\/wp-json\/wp\/v2\/media?parent=491"}],"wp:term":[{"taxonomy":"product_brand","embeddable":true,"href":"https:\/\/www.itechsas.com\/home\/wp-json\/wp\/v2\/product_brand?post=491"},{"taxonomy":"product_cat","embeddable":true,"href":"https:\/\/www.itechsas.com\/home\/wp-json\/wp\/v2\/product_cat?post=491"},{"taxonomy":"product_tag","embeddable":true,"href":"https:\/\/www.itechsas.com\/home\/wp-json\/wp\/v2\/product_tag?post=491"}],"curies":[{"name":"wp","href":"https:\/\/api.w.org\/{rel}","templated":true}]}}