{"id":493,"date":"2021-05-11T23:45:02","date_gmt":"2021-05-11T23:45:02","guid":{"rendered":"https:\/\/www.itechsas.com\/home\/?post_type=product&#038;p=493"},"modified":"2021-07-11T22:29:58","modified_gmt":"2021-07-11T22:29:58","slug":"sophos-firewall","status":"publish","type":"product","link":"https:\/\/www.itechsas.com\/home\/product\/sophos-firewall\/","title":{"rendered":"SOPHOS FIREWALL"},"content":{"rendered":"<p>Consiga un firewall que se adapte a su red para que no tenga que adaptar su red al firewall. Sophos Firewall ofrece las funciones y la versatilidad que necesita para proteger su entorno \u00fanico.<br \/>\nSophos Firewall ofrece la mejor protecci\u00f3n con gesti\u00f3n unificada de amenazas disponible, f\u00e1cil de gestionar y con un valor incomparable. Descubra por qu\u00e9 Sophos Firewall es la soluci\u00f3n UTM ideal para su red.<\/p>\n<p><iframe title=\"Sophos seguridad sincronizada Firewall XG\" width=\"640\" height=\"360\" src=\"https:\/\/www.youtube.com\/embed\/luIgbYb8oVQ?feature=oembed\" frameborder=\"0\" allow=\"accelerometer; autoplay; clipboard-write; encrypted-media; gyroscope; picture-in-picture; web-share\" referrerpolicy=\"strict-origin-when-cross-origin\" allowfullscreen><\/iframe><\/p>\n<p><a href=\"https:\/\/www.sophos.com\/es-es\/medialibrary\/PDFs\/factsheets\/sophos-firewall-br.pdf\" target=\"_blank\" rel=\"noopener\">Descarga Detalles del Producto<\/a><\/p>\n<h4 style=\"text-align: center;\">[ <span style=\"color: #0000ff;\"><a style=\"color: #0000ff;\" href=\"https:\/\/forms.gle\/nnkZopGqwURgBAAJ9\" target=\"_blank\" rel=\"noopener\">QUIERO PROBARLO<\/a><\/span> ]<\/h4>\n<p>&nbsp;<\/p>\n<hr \/>\n<p>&nbsp;<\/p>\n","protected":false},"excerpt":{"rendered":"<p>Sophos Firewall ofrece la mejor protecci\u00f3n con gesti\u00f3n unificada de amenazas disponible, f\u00e1cil de gestionar y con un valor incomparable. Descubra por qu\u00e9 Sophos Firewall es la soluci\u00f3n UTM ideal para su red.<\/p>\n","protected":false},"featured_media":463,"comment_status":"closed","ping_status":"closed","template":"","meta":{"content-type":""},"product_brand":[],"product_cat":[24],"product_tag":[],"class_list":{"0":"post-493","1":"product","2":"type-product","3":"status-publish","4":"has-post-thumbnail","6":"product_cat-productos-de-ciberseguridad","8":"first","9":"instock","10":"shipping-taxable","11":"product-type-simple"},"_links":{"self":[{"href":"https:\/\/www.itechsas.com\/home\/wp-json\/wp\/v2\/product\/493","targetHints":{"allow":["GET"]}}],"collection":[{"href":"https:\/\/www.itechsas.com\/home\/wp-json\/wp\/v2\/product"}],"about":[{"href":"https:\/\/www.itechsas.com\/home\/wp-json\/wp\/v2\/types\/product"}],"replies":[{"embeddable":true,"href":"https:\/\/www.itechsas.com\/home\/wp-json\/wp\/v2\/comments?post=493"}],"wp:featuredmedia":[{"embeddable":true,"href":"https:\/\/www.itechsas.com\/home\/wp-json\/wp\/v2\/media\/463"}],"wp:attachment":[{"href":"https:\/\/www.itechsas.com\/home\/wp-json\/wp\/v2\/media?parent=493"}],"wp:term":[{"taxonomy":"product_brand","embeddable":true,"href":"https:\/\/www.itechsas.com\/home\/wp-json\/wp\/v2\/product_brand?post=493"},{"taxonomy":"product_cat","embeddable":true,"href":"https:\/\/www.itechsas.com\/home\/wp-json\/wp\/v2\/product_cat?post=493"},{"taxonomy":"product_tag","embeddable":true,"href":"https:\/\/www.itechsas.com\/home\/wp-json\/wp\/v2\/product_tag?post=493"}],"curies":[{"name":"wp","href":"https:\/\/api.w.org\/{rel}","templated":true}]}}