{"id":495,"date":"2021-05-11T23:54:27","date_gmt":"2021-05-11T23:54:27","guid":{"rendered":"https:\/\/www.itechsas.com\/home\/?post_type=product&#038;p=495"},"modified":"2021-10-03T18:15:47","modified_gmt":"2021-10-03T18:15:47","slug":"iso-27001","status":"publish","type":"product","link":"https:\/\/www.itechsas.com\/home\/product\/iso-27001\/","title":{"rendered":"GESTION SGSI ISO-27001"},"content":{"rendered":"<p><strong>ISO\/IEC 27001<\/strong> es el est\u00e1ndar m\u00e1s reconocido que proporciona los requisitos y controles para gestionar la seguridad de la informaci\u00f3n. Un SGSI es un conjunto actividades para administrar la informaci\u00f3n sensible de la compa\u00f1\u00eda para que permanezca segura. Incluye personas, procesos y sistemas de TI mediante la aplicaci\u00f3n de un proceso de gesti\u00f3n de riesgos. Puede ayudar a cualquier tipo de empresa a mantener seguros los activos de informaci\u00f3n.<\/p>\n<p>Con nuestra experiencia y conocimiento podemos implementar, mantener y mejorar continuamente un <strong>Sistema de Gesti\u00f3n de Seguridad de la Informaci\u00f3n (SGSI)<\/strong> dentro de la organizaci\u00f3n basado en <strong>ISO\/IEC 27001<\/strong>, incluyendo la evaluaci\u00f3n y el tratamiento de riesgos de seguridad de la informaci\u00f3n adaptados al tama\u00f1o y necesidades de cada empresa.<\/p>\n<p>Abordamos de forma integral y practica los aspectos requeridos para el cumplimiento de las normas legales de <strong>protecci\u00f3n de datos personales<\/strong> adem\u00e1s de <strong>evaluar los niveles de seguridad Informatica<\/strong> identificando amenazas y vulnerabilidades con pruebas de hacking \u00e9tico.<\/p>\n<p>Usamos <strong>software propio que permite reducir los tiempos, costos<\/strong> y actividades de gesti\u00f3n adapt\u00e1ndonos f\u00e1cilmente a los presupuestos de las empresas.<\/p>\n","protected":false},"excerpt":{"rendered":"<p>Con nuestra experiencia y conocimiento podemos implementar, mantener y mejorar continuamente un <strong>Sistema de Gesti\u00f3n de Seguridad de la Informaci\u00f3n (SGSI)<\/strong> dentro de la organizaci\u00f3n basado en <strong>ISO\/IEC 27001<\/strong>, incluyendo la evaluaci\u00f3n y el tratamiento de riesgos de seguridad de la informaci\u00f3n, <strong>protecci\u00f3n de datos personales y seguridad Informatica.<\/strong> Con software propio nos adaptados al tama\u00f1o, necesidades y presupuesto de cada empresa.<\/p>\n","protected":false},"featured_media":390,"comment_status":"closed","ping_status":"closed","template":"","meta":{"content-type":""},"product_brand":[],"product_cat":[23],"product_tag":[],"class_list":{"0":"post-495","1":"product","2":"type-product","3":"status-publish","4":"has-post-thumbnail","6":"product_cat-servicios-de-ciberseguridad","8":"first","9":"instock","10":"shipping-taxable","11":"product-type-simple"},"_links":{"self":[{"href":"https:\/\/www.itechsas.com\/home\/wp-json\/wp\/v2\/product\/495","targetHints":{"allow":["GET"]}}],"collection":[{"href":"https:\/\/www.itechsas.com\/home\/wp-json\/wp\/v2\/product"}],"about":[{"href":"https:\/\/www.itechsas.com\/home\/wp-json\/wp\/v2\/types\/product"}],"replies":[{"embeddable":true,"href":"https:\/\/www.itechsas.com\/home\/wp-json\/wp\/v2\/comments?post=495"}],"wp:featuredmedia":[{"embeddable":true,"href":"https:\/\/www.itechsas.com\/home\/wp-json\/wp\/v2\/media\/390"}],"wp:attachment":[{"href":"https:\/\/www.itechsas.com\/home\/wp-json\/wp\/v2\/media?parent=495"}],"wp:term":[{"taxonomy":"product_brand","embeddable":true,"href":"https:\/\/www.itechsas.com\/home\/wp-json\/wp\/v2\/product_brand?post=495"},{"taxonomy":"product_cat","embeddable":true,"href":"https:\/\/www.itechsas.com\/home\/wp-json\/wp\/v2\/product_cat?post=495"},{"taxonomy":"product_tag","embeddable":true,"href":"https:\/\/www.itechsas.com\/home\/wp-json\/wp\/v2\/product_tag?post=495"}],"curies":[{"name":"wp","href":"https:\/\/api.w.org\/{rel}","templated":true}]}}