{"id":608,"date":"2021-07-06T01:57:47","date_gmt":"2021-07-06T01:57:47","guid":{"rendered":"https:\/\/www.itechsas.com\/home\/?post_type=product&#038;p=608"},"modified":"2021-10-03T16:16:25","modified_gmt":"2021-10-03T16:16:25","slug":"core-impact","status":"publish","type":"product","link":"https:\/\/www.itechsas.com\/home\/product\/core-impact\/","title":{"rendered":"PENTEST \/ EXPLOITS"},"content":{"rendered":"<p><strong>Core Impact<\/strong> est\u00e1 dise\u00f1ado para permitir que los equipos de seguridad realicen pruebas de penetraci\u00f3n avanzadas con facilidad.\u00a0Con automatizaci\u00f3n guiada y exploits certificados, el poderoso software de prueba de penetraci\u00f3n le permite probar su entorno de manera segura utilizando las mismas t\u00e9cnicas que los adversarios de hoy.<\/p>\n<p>Recopile informaci\u00f3n r\u00e1pidamente, descubra debilidades de seguridad, genere informes y priorice los esfuerzos de remediaci\u00f3n, todo en un conjunto de herramientas centralizado.<\/p>\n<p>Al adquirir Core Impact, recibir\u00e1:<\/p>\n<ul>\n<li><strong>Asistentes de\u00a0automatizaci\u00f3n<\/strong>\u00a0intuitivos\u00a0para descubrir, probar e informar r\u00e1pidamente.<\/li>\n<li>Una <strong>biblioteca estable y actualizada de exploits<\/strong> validados y escritos por profesionales.<\/li>\n<li><strong>Gesti\u00f3n eficaz y eficiente<\/strong> de las comunicaciones del host remoto.<\/li>\n<li>Protecci\u00f3n para datos confidenciales y capacidad para demostrar el cumplimiento de regulaciones como: <strong>PCI DSS, NIST, CMMC<\/strong> y m\u00e1s.<\/li>\n<li>Generaci\u00f3n de <strong>informes\u00a0automatizada<\/strong>\u00a0para proporcionar los detalles necesarios para priorizar la correcci\u00f3n.<\/li>\n<li>Una biblioteca de <strong>videos para la capacitaci\u00f3n<\/strong> a su propio ritmo para usuarios nuevos y avanzados.<\/li>\n<\/ul>\n<p>&nbsp;<\/p>\n<p><iframe title=\"Pentest avanzado y explotaci\u00f3n automatica de vulnerabilidades.\" width=\"640\" height=\"360\" src=\"https:\/\/www.youtube.com\/embed\/4EJ1Ood_aZ8?feature=oembed\" frameborder=\"0\" allow=\"accelerometer; autoplay; clipboard-write; encrypted-media; gyroscope; picture-in-picture; web-share\" referrerpolicy=\"strict-origin-when-cross-origin\" allowfullscreen><\/iframe><\/p>\n<p>Descargar detalles del producto<\/p>\n<h4 style=\"text-align: center;\">[ <a href=\"https:\/\/forms.gle\/GkFPWdpHqFvW4uab6\" target=\"_blank\" rel=\"noopener\"><span style=\"color: #0000ff;\">QUIERO PROBARLO<\/span><\/a> ]<\/h4>\n<p>&nbsp;<\/p>\n<hr \/>\n<p>&nbsp;<\/p>\n<p>&nbsp;<\/p>\n","protected":false},"excerpt":{"rendered":"<p>Core Impact est\u00e1 dise\u00f1ado para permitir que los equipos de seguridad realicen pruebas de penetraci\u00f3n avanzadas con facilidad.\u00a0Con automatizaci\u00f3n guiada y exploits certificados, el poderoso software de prueba de penetraci\u00f3n le permite probar su entorno de manera segura utilizando las mismas t\u00e9cnicas que los adversarios de hoy.<\/p>\n","protected":false},"featured_media":609,"comment_status":"closed","ping_status":"closed","template":"","meta":{"content-type":""},"product_brand":[],"product_cat":[23],"product_tag":[],"class_list":{"0":"post-608","1":"product","2":"type-product","3":"status-publish","4":"has-post-thumbnail","6":"product_cat-servicios-de-ciberseguridad","8":"first","9":"instock","10":"shipping-taxable","11":"product-type-simple"},"_links":{"self":[{"href":"https:\/\/www.itechsas.com\/home\/wp-json\/wp\/v2\/product\/608","targetHints":{"allow":["GET"]}}],"collection":[{"href":"https:\/\/www.itechsas.com\/home\/wp-json\/wp\/v2\/product"}],"about":[{"href":"https:\/\/www.itechsas.com\/home\/wp-json\/wp\/v2\/types\/product"}],"replies":[{"embeddable":true,"href":"https:\/\/www.itechsas.com\/home\/wp-json\/wp\/v2\/comments?post=608"}],"wp:featuredmedia":[{"embeddable":true,"href":"https:\/\/www.itechsas.com\/home\/wp-json\/wp\/v2\/media\/609"}],"wp:attachment":[{"href":"https:\/\/www.itechsas.com\/home\/wp-json\/wp\/v2\/media?parent=608"}],"wp:term":[{"taxonomy":"product_brand","embeddable":true,"href":"https:\/\/www.itechsas.com\/home\/wp-json\/wp\/v2\/product_brand?post=608"},{"taxonomy":"product_cat","embeddable":true,"href":"https:\/\/www.itechsas.com\/home\/wp-json\/wp\/v2\/product_cat?post=608"},{"taxonomy":"product_tag","embeddable":true,"href":"https:\/\/www.itechsas.com\/home\/wp-json\/wp\/v2\/product_tag?post=608"}],"curies":[{"name":"wp","href":"https:\/\/api.w.org\/{rel}","templated":true}]}}