{"id":611,"date":"2021-07-11T21:51:20","date_gmt":"2021-07-11T21:51:20","guid":{"rendered":"https:\/\/www.itechsas.com\/home\/?post_type=product&#038;p=611"},"modified":"2025-07-05T20:30:12","modified_gmt":"2025-07-05T20:30:12","slug":"ptaas","status":"publish","type":"product","link":"https:\/\/www.itechsas.com\/home\/product\/ptaas\/","title":{"rendered":"PENTEST COMO SERVICIO"},"content":{"rendered":"<p><strong>PTaaS<\/strong>: una forma moderna de identificar amenazas, hacer pruebas de seguridad (PenTest) y gestionarlas. Usa las pruebas de penetraci\u00f3n y la potencia de la nube como servicio (PTaaS), la cual brinda a los usuarios la capacidad de explorar vulnerabilidades y acceder a pruebas de pen test bajo demanda en un formato \u00e1gil y moderno. Esta opci\u00f3n representa una mejora en las pruebas de penetraci\u00f3n tradicionales. Automatiza parte del proceso del pen test, lo que reduce la cantidad de especialistas necesarios para realizar las pruebas, los costos asociados y flexibiliza los horarios para realizar el trabajo. Permite programar las pruebas con software basado en la nube que se puede personalizar para adaptarse a las necesidades de cada usuario. Permite el monitoreo continuo de pruebas de penetraci\u00f3n automatizadas y genera informes que los usuarios podr\u00e1n ver los resultados de las pruebas en tiempo real, facilitando la labor de gesti\u00f3n y remediaci\u00f3n.<\/p>\n<div class=\"top-banner-ratio\"><strong>Una Plataforma. Todas las necesidades:<\/strong><\/div>\n<div><\/div>\n<div class=\"pricing-tab-content post post-modern__pricing-page pricing-page pricing-page--discovery\" data-block-elem=\"50\">\n<div id=\"tabContainer\" class=\"pricing-header\">\n<div id=\"tabscontent\" class=\"pricing clearfix\">\n<div id=\"use_cases_menu\" class=\"use-cases-menu\">\n<ul>\n<li>Prueba de penetraci\u00f3n API<\/li>\n<li>Gesti\u00f3n de superficie de ataque<\/li>\n<li>Pruebas de penetraci\u00f3n en la nube<\/li>\n<li>Gesti\u00f3n de la postura de seguridad en la nube<\/li>\n<li>Prueba de penetraci\u00f3n continua<\/li>\n<li>Inteligencia de amenazas cibern\u00e9ticas<\/li>\n<li>Monitoreo de la Dark Web<\/li>\n<li>Protecci\u00f3n de marca digital<\/li>\n<li>Pruebas de penetraci\u00f3n de GDPR<\/li>\n<li>Prueba de penetraci\u00f3n m\u00f3vil<\/li>\n<li>Escaneo de seguridad m\u00f3vil<\/li>\n<li>Evaluaci\u00f3n de la seguridad de la red<\/li>\n<li>Prueba de penetraci\u00f3n PCI DSS<\/li>\n<li>Ejercicio de equipo rojo<\/li>\n<li>Gesti\u00f3n de riesgos de terceros<\/li>\n<li>Pruebas de seguridad WAF<\/li>\n<li>Prueba de penetraci\u00f3n web<\/li>\n<li>Escaneo de seguridad web<\/li>\n<\/ul>\n<hr \/>\n<\/div>\n<\/div>\n<\/div>\n<p style=\"text-align: center;\"><a href=\"https:\/\/youtu.be\/QXIzuxus_yw\" target=\"_blank\" rel=\"noopener\"><img decoding=\"async\" class=\"wp-image-686 size-medium aligncenter\" src=\"https:\/\/www.itechsas.com\/home\/wp-content\/uploads\/2021\/07\/PTaaSv-300x129.jpg\" alt=\"\" width=\"300\" height=\"129\" srcset=\"https:\/\/www.itechsas.com\/home\/wp-content\/uploads\/2021\/07\/PTaaSv-300x129.jpg 300w, https:\/\/www.itechsas.com\/home\/wp-content\/uploads\/2021\/07\/PTaaSv-768x329.jpg 768w, https:\/\/www.itechsas.com\/home\/wp-content\/uploads\/2021\/07\/PTaaSv-600x257.jpg 600w, https:\/\/www.itechsas.com\/home\/wp-content\/uploads\/2021\/07\/PTaaSv.jpg 838w\" sizes=\"(max-width: 300px) 100vw, 300px\" \/><\/a><a href=\"https:\/\/youtu.be\/QXIzuxus_yw\" target=\"_blank\" rel=\"noopener\">Clic para ver el video.<\/a><\/p>\n<\/div>\n<p><a href=\"https:\/\/www.itechsas.com\/home\/wp-content\/uploads\/2022\/02\/PENTEST-COMO-SERVICIO.pdf\" target=\"_blank\" rel=\"noopener\">Descargar detalles del producto<\/a><\/p>\n<h4 style=\"text-align: center;\">[ <a href=\"https:\/\/forms.gle\/GkFPWdpHqFvW4uab6\" target=\"_blank\" rel=\"noopener\"><span style=\"color: #0000ff;\">QUIERO PROBARLO<\/span><\/a> ]<\/h4>\n<p>&nbsp;<\/p>\n<hr \/>\n<p>&nbsp;<\/p>\n<p>&nbsp;<\/p>\n","protected":false},"excerpt":{"rendered":"<p>El objetivo de PTaaS es ayudar a las organizaciones a crear programas de gesti\u00f3n de vulnerabilidades exitosos que puedan encontrar, priorizar y remediar las amenazas de seguridad de forma r\u00e1pida y eficiente, aprovechando al m\u00e1ximo los recursos y presupuesto de seguridad.<\/p>\n<p><strong>Enf\u00f3cate en tu negocio que nosotros nos ocupamos de tu Ciberseguridad.<\/strong><\/p>\n","protected":false},"featured_media":612,"comment_status":"closed","ping_status":"closed","template":"","meta":{"content-type":""},"product_brand":[],"product_cat":[23],"product_tag":[],"class_list":{"0":"post-611","1":"product","2":"type-product","3":"status-publish","4":"has-post-thumbnail","6":"product_cat-servicios-de-ciberseguridad","8":"first","9":"instock","10":"shipping-taxable","11":"product-type-simple"},"_links":{"self":[{"href":"https:\/\/www.itechsas.com\/home\/wp-json\/wp\/v2\/product\/611","targetHints":{"allow":["GET"]}}],"collection":[{"href":"https:\/\/www.itechsas.com\/home\/wp-json\/wp\/v2\/product"}],"about":[{"href":"https:\/\/www.itechsas.com\/home\/wp-json\/wp\/v2\/types\/product"}],"replies":[{"embeddable":true,"href":"https:\/\/www.itechsas.com\/home\/wp-json\/wp\/v2\/comments?post=611"}],"wp:featuredmedia":[{"embeddable":true,"href":"https:\/\/www.itechsas.com\/home\/wp-json\/wp\/v2\/media\/612"}],"wp:attachment":[{"href":"https:\/\/www.itechsas.com\/home\/wp-json\/wp\/v2\/media?parent=611"}],"wp:term":[{"taxonomy":"product_brand","embeddable":true,"href":"https:\/\/www.itechsas.com\/home\/wp-json\/wp\/v2\/product_brand?post=611"},{"taxonomy":"product_cat","embeddable":true,"href":"https:\/\/www.itechsas.com\/home\/wp-json\/wp\/v2\/product_cat?post=611"},{"taxonomy":"product_tag","embeddable":true,"href":"https:\/\/www.itechsas.com\/home\/wp-json\/wp\/v2\/product_tag?post=611"}],"curies":[{"name":"wp","href":"https:\/\/api.w.org\/{rel}","templated":true}]}}